{"id":20223,"date":"2021-09-21T21:22:29","date_gmt":"2021-09-21T18:22:29","guid":{"rendered":"https:\/\/beyazbutik.com\/?post_type=product&#038;p=20223"},"modified":"2025-02-22T21:09:01","modified_gmt":"2025-02-22T18:09:01","slug":"bantli-svarovski-tac","status":"publish","type":"product","link":"https:\/\/beyazbutik.com\/ar\/product\/bantli-svarovski-tac\/","title":{"rendered":"Ta\u00e7"},"content":{"rendered":"<p>.<\/p>\n","protected":false},"excerpt":{"rendered":"<p>Haz\u0131r bantl\u0131 svarovsk\u0131 ta\u00e7.<\/p>\n","protected":false},"featured_media":20220,"template":"","meta":[],"product_brand":[],"product_cat":[199],"product_tag":[],"class_list":{"0":"post-20223","1":"product","2":"type-product","3":"status-publish","4":"has-post-thumbnail","6":"product_cat-aksesuar","7":"pa_renk-seffaf","9":"first","10":"instock","11":"shipping-taxable","12":"product-type-simple"},"_links":{"self":[{"href":"https:\/\/beyazbutik.com\/ar\/wp-json\/wp\/v2\/product\/20223","targetHints":{"allow":["GET"]}}],"collection":[{"href":"https:\/\/beyazbutik.com\/ar\/wp-json\/wp\/v2\/product"}],"about":[{"href":"https:\/\/beyazbutik.com\/ar\/wp-json\/wp\/v2\/types\/product"}],"version-history":[{"count":1,"href":"https:\/\/beyazbutik.com\/ar\/wp-json\/wp\/v2\/product\/20223\/revisions"}],"predecessor-version":[{"id":26126,"href":"https:\/\/beyazbutik.com\/ar\/wp-json\/wp\/v2\/product\/20223\/revisions\/26126"}],"wp:featuredmedia":[{"embeddable":true,"href":"https:\/\/beyazbutik.com\/ar\/wp-json\/wp\/v2\/media\/20220"}],"wp:attachment":[{"href":"https:\/\/beyazbutik.com\/ar\/wp-json\/wp\/v2\/media?parent=20223"}],"wp:term":[{"taxonomy":"product_brand","embeddable":true,"href":"https:\/\/beyazbutik.com\/ar\/wp-json\/wp\/v2\/product_brand?post=20223"},{"taxonomy":"product_cat","embeddable":true,"href":"https:\/\/beyazbutik.com\/ar\/wp-json\/wp\/v2\/product_cat?post=20223"},{"taxonomy":"product_tag","embeddable":true,"href":"https:\/\/beyazbutik.com\/ar\/wp-json\/wp\/v2\/product_tag?post=20223"}],"curies":[{"name":"wp","href":"https:\/\/api.w.org\/{rel}","templated":true}]}}