{"id":20253,"date":"2021-09-21T22:31:49","date_gmt":"2021-09-21T19:31:49","guid":{"rendered":"https:\/\/beyazbutik.com\/?post_type=product&#038;p=20253"},"modified":"2025-02-22T21:15:07","modified_gmt":"2025-02-22T18:15:07","slug":"dalli-kucuk-tasli-tarak","status":"publish","type":"product","link":"https:\/\/beyazbutik.com\/ar\/product\/dalli-kucuk-tasli-tarak\/","title":{"rendered":"Tarak"},"content":{"rendered":"<p>.<\/p>\n","protected":false},"excerpt":{"rendered":"<p>Dall\u0131 k\u00fc\u00e7\u00fck ta\u015fl\u0131 tarak.<\/p>\n","protected":false},"featured_media":20167,"template":"","meta":[],"product_brand":[],"product_cat":[199],"product_tag":[],"class_list":{"0":"post-20253","1":"product","2":"type-product","3":"status-publish","4":"has-post-thumbnail","6":"product_cat-aksesuar","7":"pa_renk-seffaf","9":"first","10":"instock","11":"shipping-taxable","12":"product-type-simple"},"_links":{"self":[{"href":"https:\/\/beyazbutik.com\/ar\/wp-json\/wp\/v2\/product\/20253","targetHints":{"allow":["GET"]}}],"collection":[{"href":"https:\/\/beyazbutik.com\/ar\/wp-json\/wp\/v2\/product"}],"about":[{"href":"https:\/\/beyazbutik.com\/ar\/wp-json\/wp\/v2\/types\/product"}],"version-history":[{"count":1,"href":"https:\/\/beyazbutik.com\/ar\/wp-json\/wp\/v2\/product\/20253\/revisions"}],"predecessor-version":[{"id":26177,"href":"https:\/\/beyazbutik.com\/ar\/wp-json\/wp\/v2\/product\/20253\/revisions\/26177"}],"wp:featuredmedia":[{"embeddable":true,"href":"https:\/\/beyazbutik.com\/ar\/wp-json\/wp\/v2\/media\/20167"}],"wp:attachment":[{"href":"https:\/\/beyazbutik.com\/ar\/wp-json\/wp\/v2\/media?parent=20253"}],"wp:term":[{"taxonomy":"product_brand","embeddable":true,"href":"https:\/\/beyazbutik.com\/ar\/wp-json\/wp\/v2\/product_brand?post=20253"},{"taxonomy":"product_cat","embeddable":true,"href":"https:\/\/beyazbutik.com\/ar\/wp-json\/wp\/v2\/product_cat?post=20253"},{"taxonomy":"product_tag","embeddable":true,"href":"https:\/\/beyazbutik.com\/ar\/wp-json\/wp\/v2\/product_tag?post=20253"}],"curies":[{"name":"wp","href":"https:\/\/api.w.org\/{rel}","templated":true}]}}