{"id":23191,"date":"2023-02-07T23:37:15","date_gmt":"2023-02-07T20:37:15","guid":{"rendered":"https:\/\/beyazbutik.com\/?post_type=product&#038;p=23191"},"modified":"2025-03-17T11:35:03","modified_gmt":"2025-03-17T08:35:03","slug":"anna","status":"publish","type":"product","link":"https:\/\/beyazbutik.com\/ar\/product\/anna\/","title":{"rendered":"Anna"},"content":{"rendered":"","protected":false},"excerpt":{"rendered":"<p>Omuzlar\u0131 a\u00e7\u0131k, 3D \u00e7i\u00e7ek detaylar\u0131yla s\u00fcslenmi\u015f romantik bir gelinlik. Hafif transparan dokusu ve ak\u0131\u015fkan formuyla zarif bir siluet sunuyor.<\/p>\n","protected":false},"featured_media":23197,"template":"","meta":[],"product_brand":[],"product_cat":[198,279],"product_tag":[],"class_list":{"0":"post-23191","1":"product","2":"type-product","3":"status-publish","4":"has-post-thumbnail","6":"product_cat-gelinlik","7":"product_cat-jardin-secret","9":"first","10":"instock","11":"shipping-taxable","12":"product-type-simple"},"_links":{"self":[{"href":"https:\/\/beyazbutik.com\/ar\/wp-json\/wp\/v2\/product\/23191","targetHints":{"allow":["GET"]}}],"collection":[{"href":"https:\/\/beyazbutik.com\/ar\/wp-json\/wp\/v2\/product"}],"about":[{"href":"https:\/\/beyazbutik.com\/ar\/wp-json\/wp\/v2\/types\/product"}],"version-history":[{"count":2,"href":"https:\/\/beyazbutik.com\/ar\/wp-json\/wp\/v2\/product\/23191\/revisions"}],"predecessor-version":[{"id":26744,"href":"https:\/\/beyazbutik.com\/ar\/wp-json\/wp\/v2\/product\/23191\/revisions\/26744"}],"wp:featuredmedia":[{"embeddable":true,"href":"https:\/\/beyazbutik.com\/ar\/wp-json\/wp\/v2\/media\/23197"}],"wp:attachment":[{"href":"https:\/\/beyazbutik.com\/ar\/wp-json\/wp\/v2\/media?parent=23191"}],"wp:term":[{"taxonomy":"product_brand","embeddable":true,"href":"https:\/\/beyazbutik.com\/ar\/wp-json\/wp\/v2\/product_brand?post=23191"},{"taxonomy":"product_cat","embeddable":true,"href":"https:\/\/beyazbutik.com\/ar\/wp-json\/wp\/v2\/product_cat?post=23191"},{"taxonomy":"product_tag","embeddable":true,"href":"https:\/\/beyazbutik.com\/ar\/wp-json\/wp\/v2\/product_tag?post=23191"}],"curies":[{"name":"wp","href":"https:\/\/api.w.org\/{rel}","templated":true}]}}