{"id":23216,"date":"2023-02-08T00:08:08","date_gmt":"2023-02-07T21:08:08","guid":{"rendered":"https:\/\/beyazbutik.com\/?post_type=product&#038;p=23216"},"modified":"2025-03-17T12:04:47","modified_gmt":"2025-03-17T09:04:47","slug":"celine","status":"publish","type":"product","link":"https:\/\/beyazbutik.com\/ar\/product\/celine\/","title":{"rendered":"Celine"},"content":{"rendered":"","protected":false},"excerpt":{"rendered":"<p>Y\u00fcksek yakas\u0131, uzun kollar\u0131 ve \u0131\u015f\u0131lt\u0131l\u0131 i\u015flemeleriyle g\u00f6z al\u0131c\u0131 bir prenses kesim gelinlik. Zarif ve g\u00fc\u00e7l\u00fc bir duru\u015f sergiliyor.<\/p>\n","protected":false},"featured_media":23240,"template":"","meta":[],"product_brand":[],"product_cat":[198,279],"product_tag":[],"class_list":{"0":"post-23216","1":"product","2":"type-product","3":"status-publish","4":"has-post-thumbnail","6":"product_cat-gelinlik","7":"product_cat-jardin-secret","9":"first","10":"instock","11":"shipping-taxable","12":"product-type-simple"},"_links":{"self":[{"href":"https:\/\/beyazbutik.com\/ar\/wp-json\/wp\/v2\/product\/23216","targetHints":{"allow":["GET"]}}],"collection":[{"href":"https:\/\/beyazbutik.com\/ar\/wp-json\/wp\/v2\/product"}],"about":[{"href":"https:\/\/beyazbutik.com\/ar\/wp-json\/wp\/v2\/types\/product"}],"version-history":[{"count":2,"href":"https:\/\/beyazbutik.com\/ar\/wp-json\/wp\/v2\/product\/23216\/revisions"}],"predecessor-version":[{"id":26748,"href":"https:\/\/beyazbutik.com\/ar\/wp-json\/wp\/v2\/product\/23216\/revisions\/26748"}],"wp:featuredmedia":[{"embeddable":true,"href":"https:\/\/beyazbutik.com\/ar\/wp-json\/wp\/v2\/media\/23240"}],"wp:attachment":[{"href":"https:\/\/beyazbutik.com\/ar\/wp-json\/wp\/v2\/media?parent=23216"}],"wp:term":[{"taxonomy":"product_brand","embeddable":true,"href":"https:\/\/beyazbutik.com\/ar\/wp-json\/wp\/v2\/product_brand?post=23216"},{"taxonomy":"product_cat","embeddable":true,"href":"https:\/\/beyazbutik.com\/ar\/wp-json\/wp\/v2\/product_cat?post=23216"},{"taxonomy":"product_tag","embeddable":true,"href":"https:\/\/beyazbutik.com\/ar\/wp-json\/wp\/v2\/product_tag?post=23216"}],"curies":[{"name":"wp","href":"https:\/\/api.w.org\/{rel}","templated":true}]}}