{"id":23246,"date":"2023-02-08T00:13:32","date_gmt":"2023-02-07T21:13:32","guid":{"rendered":"https:\/\/beyazbutik.com\/?post_type=product&#038;p=23246"},"modified":"2025-03-17T12:21:18","modified_gmt":"2025-03-17T09:21:18","slug":"charlotte","status":"publish","type":"product","link":"https:\/\/beyazbutik.com\/ar\/product\/charlotte\/","title":{"rendered":"Charlotte"},"content":{"rendered":"","protected":false},"excerpt":{"rendered":"<p>Straplez \u00fcst\u00fc ve ete\u011findeki \u00e7i\u00e7ek detaylar\u0131yla modern ve zarif bir prenses kesim gelinlik. Hafif t\u00fcl dokusuyla romantik bir hava kat\u0131yor.<\/p>\n","protected":false},"featured_media":23248,"template":"","meta":[],"product_brand":[],"product_cat":[294,198,279],"product_tag":[],"class_list":{"0":"post-23246","1":"product","2":"type-product","3":"status-publish","4":"has-post-thumbnail","6":"product_cat-bestsellers","7":"product_cat-gelinlik","8":"product_cat-jardin-secret","10":"first","11":"instock","12":"shipping-taxable","13":"product-type-simple"},"_links":{"self":[{"href":"https:\/\/beyazbutik.com\/ar\/wp-json\/wp\/v2\/product\/23246","targetHints":{"allow":["GET"]}}],"collection":[{"href":"https:\/\/beyazbutik.com\/ar\/wp-json\/wp\/v2\/product"}],"about":[{"href":"https:\/\/beyazbutik.com\/ar\/wp-json\/wp\/v2\/types\/product"}],"version-history":[{"count":2,"href":"https:\/\/beyazbutik.com\/ar\/wp-json\/wp\/v2\/product\/23246\/revisions"}],"predecessor-version":[{"id":26749,"href":"https:\/\/beyazbutik.com\/ar\/wp-json\/wp\/v2\/product\/23246\/revisions\/26749"}],"wp:featuredmedia":[{"embeddable":true,"href":"https:\/\/beyazbutik.com\/ar\/wp-json\/wp\/v2\/media\/23248"}],"wp:attachment":[{"href":"https:\/\/beyazbutik.com\/ar\/wp-json\/wp\/v2\/media?parent=23246"}],"wp:term":[{"taxonomy":"product_brand","embeddable":true,"href":"https:\/\/beyazbutik.com\/ar\/wp-json\/wp\/v2\/product_brand?post=23246"},{"taxonomy":"product_cat","embeddable":true,"href":"https:\/\/beyazbutik.com\/ar\/wp-json\/wp\/v2\/product_cat?post=23246"},{"taxonomy":"product_tag","embeddable":true,"href":"https:\/\/beyazbutik.com\/ar\/wp-json\/wp\/v2\/product_tag?post=23246"}],"curies":[{"name":"wp","href":"https:\/\/api.w.org\/{rel}","templated":true}]}}