{"id":23258,"date":"2023-02-08T00:16:47","date_gmt":"2023-02-07T21:16:47","guid":{"rendered":"https:\/\/beyazbutik.com\/?post_type=product&#038;p=23258"},"modified":"2025-03-17T12:22:03","modified_gmt":"2025-03-17T09:22:03","slug":"chloe","status":"publish","type":"product","link":"https:\/\/beyazbutik.com\/ar\/product\/chloe\/","title":{"rendered":"Chloe"},"content":{"rendered":"","protected":false},"excerpt":{"rendered":"<p>Omuzlar\u0131 a\u00e7\u0131k, \u00e7i\u00e7ek aplikeli bal\u0131k kesim gelinlik. T\u00fcy detaylar\u0131 ve dantel i\u015flemeleriyle b\u00fcy\u00fcleyici bir siluet sunuyor.<\/p>\n","protected":false},"featured_media":23260,"template":"","meta":[],"product_brand":[],"product_cat":[294,198,279],"product_tag":[],"class_list":{"0":"post-23258","1":"product","2":"type-product","3":"status-publish","4":"has-post-thumbnail","6":"product_cat-bestsellers","7":"product_cat-gelinlik","8":"product_cat-jardin-secret","10":"first","11":"instock","12":"shipping-taxable","13":"product-type-simple"},"_links":{"self":[{"href":"https:\/\/beyazbutik.com\/ar\/wp-json\/wp\/v2\/product\/23258","targetHints":{"allow":["GET"]}}],"collection":[{"href":"https:\/\/beyazbutik.com\/ar\/wp-json\/wp\/v2\/product"}],"about":[{"href":"https:\/\/beyazbutik.com\/ar\/wp-json\/wp\/v2\/types\/product"}],"version-history":[{"count":2,"href":"https:\/\/beyazbutik.com\/ar\/wp-json\/wp\/v2\/product\/23258\/revisions"}],"predecessor-version":[{"id":26751,"href":"https:\/\/beyazbutik.com\/ar\/wp-json\/wp\/v2\/product\/23258\/revisions\/26751"}],"wp:featuredmedia":[{"embeddable":true,"href":"https:\/\/beyazbutik.com\/ar\/wp-json\/wp\/v2\/media\/23260"}],"wp:attachment":[{"href":"https:\/\/beyazbutik.com\/ar\/wp-json\/wp\/v2\/media?parent=23258"}],"wp:term":[{"taxonomy":"product_brand","embeddable":true,"href":"https:\/\/beyazbutik.com\/ar\/wp-json\/wp\/v2\/product_brand?post=23258"},{"taxonomy":"product_cat","embeddable":true,"href":"https:\/\/beyazbutik.com\/ar\/wp-json\/wp\/v2\/product_cat?post=23258"},{"taxonomy":"product_tag","embeddable":true,"href":"https:\/\/beyazbutik.com\/ar\/wp-json\/wp\/v2\/product_tag?post=23258"}],"curies":[{"name":"wp","href":"https:\/\/api.w.org\/{rel}","templated":true}]}}