{"id":23272,"date":"2023-02-08T00:23:58","date_gmt":"2023-02-07T21:23:58","guid":{"rendered":"https:\/\/beyazbutik.com\/?post_type=product&#038;p=23272"},"modified":"2025-03-17T12:26:48","modified_gmt":"2025-03-17T09:26:48","slug":"christian","status":"publish","type":"product","link":"https:\/\/beyazbutik.com\/ar\/product\/christian\/","title":{"rendered":"Christian"},"content":{"rendered":"","protected":false},"excerpt":{"rendered":"<p>\u0130nci i\u015flemeli transparan \u00fcst\u00fcyle sofistike ve zarif bir tasar\u0131m. Ak\u0131\u015fkan ete\u011fiyle minimal ve etkileyici bir g\u00f6r\u00fcn\u00fcm sunuyor.<\/p>\n","protected":false},"featured_media":23278,"template":"","meta":[],"product_brand":[],"product_cat":[198,279],"product_tag":[],"class_list":{"0":"post-23272","1":"product","2":"type-product","3":"status-publish","4":"has-post-thumbnail","6":"product_cat-gelinlik","7":"product_cat-jardin-secret","9":"first","10":"instock","11":"shipping-taxable","12":"product-type-simple"},"_links":{"self":[{"href":"https:\/\/beyazbutik.com\/ar\/wp-json\/wp\/v2\/product\/23272","targetHints":{"allow":["GET"]}}],"collection":[{"href":"https:\/\/beyazbutik.com\/ar\/wp-json\/wp\/v2\/product"}],"about":[{"href":"https:\/\/beyazbutik.com\/ar\/wp-json\/wp\/v2\/types\/product"}],"version-history":[{"count":3,"href":"https:\/\/beyazbutik.com\/ar\/wp-json\/wp\/v2\/product\/23272\/revisions"}],"predecessor-version":[{"id":26838,"href":"https:\/\/beyazbutik.com\/ar\/wp-json\/wp\/v2\/product\/23272\/revisions\/26838"}],"wp:featuredmedia":[{"embeddable":true,"href":"https:\/\/beyazbutik.com\/ar\/wp-json\/wp\/v2\/media\/23278"}],"wp:attachment":[{"href":"https:\/\/beyazbutik.com\/ar\/wp-json\/wp\/v2\/media?parent=23272"}],"wp:term":[{"taxonomy":"product_brand","embeddable":true,"href":"https:\/\/beyazbutik.com\/ar\/wp-json\/wp\/v2\/product_brand?post=23272"},{"taxonomy":"product_cat","embeddable":true,"href":"https:\/\/beyazbutik.com\/ar\/wp-json\/wp\/v2\/product_cat?post=23272"},{"taxonomy":"product_tag","embeddable":true,"href":"https:\/\/beyazbutik.com\/ar\/wp-json\/wp\/v2\/product_tag?post=23272"}],"curies":[{"name":"wp","href":"https:\/\/api.w.org\/{rel}","templated":true}]}}