{"id":23280,"date":"2023-02-08T00:26:41","date_gmt":"2023-02-07T21:26:41","guid":{"rendered":"https:\/\/beyazbutik.com\/?post_type=product&#038;p=23280"},"modified":"2025-03-17T12:25:50","modified_gmt":"2025-03-17T09:25:50","slug":"daisy","status":"publish","type":"product","link":"https:\/\/beyazbutik.com\/ar\/product\/daisy\/","title":{"rendered":"Daisy"},"content":{"rendered":"","protected":false},"excerpt":{"rendered":"<p>Tek omuz drapeli tasar\u0131m\u0131 ve \u00e7i\u00e7ek detaylar\u0131yla feminen ve zarif bir gelinlik. Ak\u0131c\u0131 formuyla v\u00fccuda kusursuz bir uyum sa\u011flar.<\/p>\n","protected":false},"featured_media":23282,"template":"","meta":[],"product_brand":[],"product_cat":[198,279],"product_tag":[],"class_list":{"0":"post-23280","1":"product","2":"type-product","3":"status-publish","4":"has-post-thumbnail","6":"product_cat-gelinlik","7":"product_cat-jardin-secret","9":"first","10":"instock","11":"shipping-taxable","12":"product-type-simple"},"_links":{"self":[{"href":"https:\/\/beyazbutik.com\/ar\/wp-json\/wp\/v2\/product\/23280","targetHints":{"allow":["GET"]}}],"collection":[{"href":"https:\/\/beyazbutik.com\/ar\/wp-json\/wp\/v2\/product"}],"about":[{"href":"https:\/\/beyazbutik.com\/ar\/wp-json\/wp\/v2\/types\/product"}],"version-history":[{"count":2,"href":"https:\/\/beyazbutik.com\/ar\/wp-json\/wp\/v2\/product\/23280\/revisions"}],"predecessor-version":[{"id":26753,"href":"https:\/\/beyazbutik.com\/ar\/wp-json\/wp\/v2\/product\/23280\/revisions\/26753"}],"wp:featuredmedia":[{"embeddable":true,"href":"https:\/\/beyazbutik.com\/ar\/wp-json\/wp\/v2\/media\/23282"}],"wp:attachment":[{"href":"https:\/\/beyazbutik.com\/ar\/wp-json\/wp\/v2\/media?parent=23280"}],"wp:term":[{"taxonomy":"product_brand","embeddable":true,"href":"https:\/\/beyazbutik.com\/ar\/wp-json\/wp\/v2\/product_brand?post=23280"},{"taxonomy":"product_cat","embeddable":true,"href":"https:\/\/beyazbutik.com\/ar\/wp-json\/wp\/v2\/product_cat?post=23280"},{"taxonomy":"product_tag","embeddable":true,"href":"https:\/\/beyazbutik.com\/ar\/wp-json\/wp\/v2\/product_tag?post=23280"}],"curies":[{"name":"wp","href":"https:\/\/api.w.org\/{rel}","templated":true}]}}