{"id":23306,"date":"2023-02-08T00:34:46","date_gmt":"2023-02-07T21:34:46","guid":{"rendered":"https:\/\/beyazbutik.com\/?post_type=product&#038;p=23306"},"modified":"2025-03-17T12:30:55","modified_gmt":"2025-03-17T09:30:55","slug":"felicia","status":"publish","type":"product","link":"https:\/\/beyazbutik.com\/ar\/product\/felicia\/","title":{"rendered":"Felicia"},"content":{"rendered":"","protected":false},"excerpt":{"rendered":"<p>Katmanl\u0131 dantel detaylar\u0131yla ihti\u015faml\u0131 bir prenses kesim gelinlik. Straplez \u00fcst\u00fc ve hacimli ete\u011fiyle klasik ve g\u00f6steri\u015fli bir duru\u015f sunuyor.<\/p>\n","protected":false},"featured_media":23316,"template":"","meta":[],"product_brand":[],"product_cat":[198,279],"product_tag":[],"class_list":{"0":"post-23306","1":"product","2":"type-product","3":"status-publish","4":"has-post-thumbnail","6":"product_cat-gelinlik","7":"product_cat-jardin-secret","9":"first","10":"instock","11":"shipping-taxable","12":"product-type-simple"},"_links":{"self":[{"href":"https:\/\/beyazbutik.com\/ar\/wp-json\/wp\/v2\/product\/23306","targetHints":{"allow":["GET"]}}],"collection":[{"href":"https:\/\/beyazbutik.com\/ar\/wp-json\/wp\/v2\/product"}],"about":[{"href":"https:\/\/beyazbutik.com\/ar\/wp-json\/wp\/v2\/types\/product"}],"version-history":[{"count":3,"href":"https:\/\/beyazbutik.com\/ar\/wp-json\/wp\/v2\/product\/23306\/revisions"}],"predecessor-version":[{"id":26764,"href":"https:\/\/beyazbutik.com\/ar\/wp-json\/wp\/v2\/product\/23306\/revisions\/26764"}],"wp:featuredmedia":[{"embeddable":true,"href":"https:\/\/beyazbutik.com\/ar\/wp-json\/wp\/v2\/media\/23316"}],"wp:attachment":[{"href":"https:\/\/beyazbutik.com\/ar\/wp-json\/wp\/v2\/media?parent=23306"}],"wp:term":[{"taxonomy":"product_brand","embeddable":true,"href":"https:\/\/beyazbutik.com\/ar\/wp-json\/wp\/v2\/product_brand?post=23306"},{"taxonomy":"product_cat","embeddable":true,"href":"https:\/\/beyazbutik.com\/ar\/wp-json\/wp\/v2\/product_cat?post=23306"},{"taxonomy":"product_tag","embeddable":true,"href":"https:\/\/beyazbutik.com\/ar\/wp-json\/wp\/v2\/product_tag?post=23306"}],"curies":[{"name":"wp","href":"https:\/\/api.w.org\/{rel}","templated":true}]}}