{"id":23323,"date":"2023-02-08T00:39:48","date_gmt":"2023-02-07T21:39:48","guid":{"rendered":"https:\/\/beyazbutik.com\/?post_type=product&#038;p=23323"},"modified":"2025-03-17T12:31:46","modified_gmt":"2025-03-17T09:31:46","slug":"flory","status":"publish","type":"product","link":"https:\/\/beyazbutik.com\/ar\/product\/flory\/","title":{"rendered":"Flory"},"content":{"rendered":"","protected":false},"excerpt":{"rendered":"<p>B\u00fcy\u00fck \u00e7i\u00e7ek detay\u0131 ve y\u00fcksek y\u0131rtmac\u0131yla modern ve romantik bir tasar\u0131m. Hafif kuma\u015f\u0131yla zarif bir ak\u0131\u015f sunuyor.<\/p>\n","protected":false},"featured_media":23327,"template":"","meta":[],"product_brand":[],"product_cat":[294,198,279],"product_tag":[],"class_list":{"0":"post-23323","1":"product","2":"type-product","3":"status-publish","4":"has-post-thumbnail","6":"product_cat-bestsellers","7":"product_cat-gelinlik","8":"product_cat-jardin-secret","10":"first","11":"instock","12":"shipping-taxable","13":"product-type-simple"},"_links":{"self":[{"href":"https:\/\/beyazbutik.com\/ar\/wp-json\/wp\/v2\/product\/23323","targetHints":{"allow":["GET"]}}],"collection":[{"href":"https:\/\/beyazbutik.com\/ar\/wp-json\/wp\/v2\/product"}],"about":[{"href":"https:\/\/beyazbutik.com\/ar\/wp-json\/wp\/v2\/types\/product"}],"version-history":[{"count":3,"href":"https:\/\/beyazbutik.com\/ar\/wp-json\/wp\/v2\/product\/23323\/revisions"}],"predecessor-version":[{"id":26842,"href":"https:\/\/beyazbutik.com\/ar\/wp-json\/wp\/v2\/product\/23323\/revisions\/26842"}],"wp:featuredmedia":[{"embeddable":true,"href":"https:\/\/beyazbutik.com\/ar\/wp-json\/wp\/v2\/media\/23327"}],"wp:attachment":[{"href":"https:\/\/beyazbutik.com\/ar\/wp-json\/wp\/v2\/media?parent=23323"}],"wp:term":[{"taxonomy":"product_brand","embeddable":true,"href":"https:\/\/beyazbutik.com\/ar\/wp-json\/wp\/v2\/product_brand?post=23323"},{"taxonomy":"product_cat","embeddable":true,"href":"https:\/\/beyazbutik.com\/ar\/wp-json\/wp\/v2\/product_cat?post=23323"},{"taxonomy":"product_tag","embeddable":true,"href":"https:\/\/beyazbutik.com\/ar\/wp-json\/wp\/v2\/product_tag?post=23323"}],"curies":[{"name":"wp","href":"https:\/\/api.w.org\/{rel}","templated":true}]}}