{"id":23333,"date":"2023-02-08T00:41:53","date_gmt":"2023-02-07T21:41:53","guid":{"rendered":"https:\/\/beyazbutik.com\/?post_type=product&#038;p=23333"},"modified":"2025-03-17T12:32:58","modified_gmt":"2025-03-17T09:32:58","slug":"gisele","status":"publish","type":"product","link":"https:\/\/beyazbutik.com\/ar\/product\/gisele\/","title":{"rendered":"Gisele"},"content":{"rendered":"","protected":false},"excerpt":{"rendered":"<p>Minimalist \u00e7izgiler ve 3D yaprak aplikeleriyle sofistike bir gelinlik. Omuzlar\u0131 a\u00e7\u0131k kesimiyle zarafeti \u00f6n plana \u00e7\u0131kar\u0131yor.<\/p>\n","protected":false},"featured_media":23339,"template":"","meta":[],"product_brand":[],"product_cat":[198,279],"product_tag":[],"class_list":{"0":"post-23333","1":"product","2":"type-product","3":"status-publish","4":"has-post-thumbnail","6":"product_cat-gelinlik","7":"product_cat-jardin-secret","9":"first","10":"instock","11":"shipping-taxable","12":"product-type-simple"},"_links":{"self":[{"href":"https:\/\/beyazbutik.com\/ar\/wp-json\/wp\/v2\/product\/23333","targetHints":{"allow":["GET"]}}],"collection":[{"href":"https:\/\/beyazbutik.com\/ar\/wp-json\/wp\/v2\/product"}],"about":[{"href":"https:\/\/beyazbutik.com\/ar\/wp-json\/wp\/v2\/types\/product"}],"version-history":[{"count":2,"href":"https:\/\/beyazbutik.com\/ar\/wp-json\/wp\/v2\/product\/23333\/revisions"}],"predecessor-version":[{"id":26769,"href":"https:\/\/beyazbutik.com\/ar\/wp-json\/wp\/v2\/product\/23333\/revisions\/26769"}],"wp:featuredmedia":[{"embeddable":true,"href":"https:\/\/beyazbutik.com\/ar\/wp-json\/wp\/v2\/media\/23339"}],"wp:attachment":[{"href":"https:\/\/beyazbutik.com\/ar\/wp-json\/wp\/v2\/media?parent=23333"}],"wp:term":[{"taxonomy":"product_brand","embeddable":true,"href":"https:\/\/beyazbutik.com\/ar\/wp-json\/wp\/v2\/product_brand?post=23333"},{"taxonomy":"product_cat","embeddable":true,"href":"https:\/\/beyazbutik.com\/ar\/wp-json\/wp\/v2\/product_cat?post=23333"},{"taxonomy":"product_tag","embeddable":true,"href":"https:\/\/beyazbutik.com\/ar\/wp-json\/wp\/v2\/product_tag?post=23333"}],"curies":[{"name":"wp","href":"https:\/\/api.w.org\/{rel}","templated":true}]}}