{"id":23345,"date":"2023-02-08T00:45:40","date_gmt":"2023-02-07T21:45:40","guid":{"rendered":"https:\/\/beyazbutik.com\/?post_type=product&#038;p=23345"},"modified":"2025-03-17T12:41:06","modified_gmt":"2025-03-17T09:41:06","slug":"hailey","status":"publish","type":"product","link":"https:\/\/beyazbutik.com\/ar\/product\/hailey\/","title":{"rendered":"Hailey"},"content":{"rendered":"","protected":false},"excerpt":{"rendered":"<p>Pliseli detaylar ve \u00e7i\u00e7ek aplikeleriyle s\u00fcslenmi\u015f, omuzlar\u0131 a\u00e7\u0131k romantik bir gelinlik. Hafif dokusuyla zarif bir siluet sunuyor.<\/p>\n","protected":false},"featured_media":23349,"template":"","meta":[],"product_brand":[],"product_cat":[198,279],"product_tag":[],"class_list":{"0":"post-23345","1":"product","2":"type-product","3":"status-publish","4":"has-post-thumbnail","6":"product_cat-gelinlik","7":"product_cat-jardin-secret","9":"first","10":"instock","11":"shipping-taxable","12":"product-type-simple"},"_links":{"self":[{"href":"https:\/\/beyazbutik.com\/ar\/wp-json\/wp\/v2\/product\/23345","targetHints":{"allow":["GET"]}}],"collection":[{"href":"https:\/\/beyazbutik.com\/ar\/wp-json\/wp\/v2\/product"}],"about":[{"href":"https:\/\/beyazbutik.com\/ar\/wp-json\/wp\/v2\/types\/product"}],"version-history":[{"count":2,"href":"https:\/\/beyazbutik.com\/ar\/wp-json\/wp\/v2\/product\/23345\/revisions"}],"predecessor-version":[{"id":26771,"href":"https:\/\/beyazbutik.com\/ar\/wp-json\/wp\/v2\/product\/23345\/revisions\/26771"}],"wp:featuredmedia":[{"embeddable":true,"href":"https:\/\/beyazbutik.com\/ar\/wp-json\/wp\/v2\/media\/23349"}],"wp:attachment":[{"href":"https:\/\/beyazbutik.com\/ar\/wp-json\/wp\/v2\/media?parent=23345"}],"wp:term":[{"taxonomy":"product_brand","embeddable":true,"href":"https:\/\/beyazbutik.com\/ar\/wp-json\/wp\/v2\/product_brand?post=23345"},{"taxonomy":"product_cat","embeddable":true,"href":"https:\/\/beyazbutik.com\/ar\/wp-json\/wp\/v2\/product_cat?post=23345"},{"taxonomy":"product_tag","embeddable":true,"href":"https:\/\/beyazbutik.com\/ar\/wp-json\/wp\/v2\/product_tag?post=23345"}],"curies":[{"name":"wp","href":"https:\/\/api.w.org\/{rel}","templated":true}]}}