{"id":23363,"date":"2023-02-08T00:50:11","date_gmt":"2023-02-07T21:50:11","guid":{"rendered":"https:\/\/beyazbutik.com\/?post_type=product&#038;p=23363"},"modified":"2025-03-17T12:47:03","modified_gmt":"2025-03-17T09:47:03","slug":"lizzy","status":"publish","type":"product","link":"https:\/\/beyazbutik.com\/ar\/product\/lizzy\/","title":{"rendered":"Lizzy"},"content":{"rendered":"","protected":false},"excerpt":{"rendered":"<p>Omuzlar\u0131 a\u00e7\u0131k, incilerle s\u00fcslenmi\u015f bal\u0131k kesim gelinlik. Ak\u0131c\u0131 formuyla sofistike ve zarif bir g\u00f6r\u00fcn\u00fcm sunuyor.<\/p>\n","protected":false},"featured_media":23365,"template":"","meta":[],"product_brand":[],"product_cat":[198,279],"product_tag":[],"class_list":{"0":"post-23363","1":"product","2":"type-product","3":"status-publish","4":"has-post-thumbnail","6":"product_cat-gelinlik","7":"product_cat-jardin-secret","9":"first","10":"instock","11":"shipping-taxable","12":"product-type-simple"},"_links":{"self":[{"href":"https:\/\/beyazbutik.com\/ar\/wp-json\/wp\/v2\/product\/23363","targetHints":{"allow":["GET"]}}],"collection":[{"href":"https:\/\/beyazbutik.com\/ar\/wp-json\/wp\/v2\/product"}],"about":[{"href":"https:\/\/beyazbutik.com\/ar\/wp-json\/wp\/v2\/types\/product"}],"version-history":[{"count":2,"href":"https:\/\/beyazbutik.com\/ar\/wp-json\/wp\/v2\/product\/23363\/revisions"}],"predecessor-version":[{"id":26776,"href":"https:\/\/beyazbutik.com\/ar\/wp-json\/wp\/v2\/product\/23363\/revisions\/26776"}],"wp:featuredmedia":[{"embeddable":true,"href":"https:\/\/beyazbutik.com\/ar\/wp-json\/wp\/v2\/media\/23365"}],"wp:attachment":[{"href":"https:\/\/beyazbutik.com\/ar\/wp-json\/wp\/v2\/media?parent=23363"}],"wp:term":[{"taxonomy":"product_brand","embeddable":true,"href":"https:\/\/beyazbutik.com\/ar\/wp-json\/wp\/v2\/product_brand?post=23363"},{"taxonomy":"product_cat","embeddable":true,"href":"https:\/\/beyazbutik.com\/ar\/wp-json\/wp\/v2\/product_cat?post=23363"},{"taxonomy":"product_tag","embeddable":true,"href":"https:\/\/beyazbutik.com\/ar\/wp-json\/wp\/v2\/product_tag?post=23363"}],"curies":[{"name":"wp","href":"https:\/\/api.w.org\/{rel}","templated":true}]}}