{"id":23373,"date":"2023-02-08T00:55:29","date_gmt":"2023-02-07T21:55:29","guid":{"rendered":"https:\/\/beyazbutik.com\/?post_type=product&#038;p=23373"},"modified":"2025-03-17T12:53:51","modified_gmt":"2025-03-17T09:53:51","slug":"louis","status":"publish","type":"product","link":"https:\/\/beyazbutik.com\/ar\/product\/louis\/","title":{"rendered":"Louis"},"content":{"rendered":"","protected":false},"excerpt":{"rendered":"<p>Hafif \u015fifon dokusu ve u\u00e7u\u015fan peleriniyle b\u00fcy\u00fcleyici bir tasar\u0131m. \u00c7i\u00e7ek i\u015flemeleriyle romantik bir dokunu\u015f sunuyor.<\/p>\n","protected":false},"featured_media":23383,"template":"","meta":[],"product_brand":[],"product_cat":[198,279],"product_tag":[],"class_list":{"0":"post-23373","1":"product","2":"type-product","3":"status-publish","4":"has-post-thumbnail","6":"product_cat-gelinlik","7":"product_cat-jardin-secret","9":"first","10":"instock","11":"shipping-taxable","12":"product-type-simple"},"_links":{"self":[{"href":"https:\/\/beyazbutik.com\/ar\/wp-json\/wp\/v2\/product\/23373","targetHints":{"allow":["GET"]}}],"collection":[{"href":"https:\/\/beyazbutik.com\/ar\/wp-json\/wp\/v2\/product"}],"about":[{"href":"https:\/\/beyazbutik.com\/ar\/wp-json\/wp\/v2\/types\/product"}],"version-history":[{"count":2,"href":"https:\/\/beyazbutik.com\/ar\/wp-json\/wp\/v2\/product\/23373\/revisions"}],"predecessor-version":[{"id":26779,"href":"https:\/\/beyazbutik.com\/ar\/wp-json\/wp\/v2\/product\/23373\/revisions\/26779"}],"wp:featuredmedia":[{"embeddable":true,"href":"https:\/\/beyazbutik.com\/ar\/wp-json\/wp\/v2\/media\/23383"}],"wp:attachment":[{"href":"https:\/\/beyazbutik.com\/ar\/wp-json\/wp\/v2\/media?parent=23373"}],"wp:term":[{"taxonomy":"product_brand","embeddable":true,"href":"https:\/\/beyazbutik.com\/ar\/wp-json\/wp\/v2\/product_brand?post=23373"},{"taxonomy":"product_cat","embeddable":true,"href":"https:\/\/beyazbutik.com\/ar\/wp-json\/wp\/v2\/product_cat?post=23373"},{"taxonomy":"product_tag","embeddable":true,"href":"https:\/\/beyazbutik.com\/ar\/wp-json\/wp\/v2\/product_tag?post=23373"}],"curies":[{"name":"wp","href":"https:\/\/api.w.org\/{rel}","templated":true}]}}