{"id":23374,"date":"2023-02-08T00:55:30","date_gmt":"2023-02-07T21:55:30","guid":{"rendered":"https:\/\/beyazbutik.com\/?post_type=product&#038;p=23374"},"modified":"2025-03-17T12:56:38","modified_gmt":"2025-03-17T09:56:38","slug":"lupe","status":"publish","type":"product","link":"https:\/\/beyazbutik.com\/ar\/product\/lupe\/","title":{"rendered":"Lupe"},"content":{"rendered":"","protected":false},"excerpt":{"rendered":"<p>B\u00fcy\u00fck fiyonk detay\u0131 ve zarif i\u015flemeleriyle sofistike bir prenses kesim gelinlik. Zamans\u0131z ve etkileyici bir duru\u015f sergiliyor.<\/p>\n","protected":false},"featured_media":23389,"template":"","meta":[],"product_brand":[],"product_cat":[198,279],"product_tag":[],"class_list":{"0":"post-23374","1":"product","2":"type-product","3":"status-publish","4":"has-post-thumbnail","6":"product_cat-gelinlik","7":"product_cat-jardin-secret","9":"first","10":"instock","11":"shipping-taxable","12":"product-type-simple"},"_links":{"self":[{"href":"https:\/\/beyazbutik.com\/ar\/wp-json\/wp\/v2\/product\/23374","targetHints":{"allow":["GET"]}}],"collection":[{"href":"https:\/\/beyazbutik.com\/ar\/wp-json\/wp\/v2\/product"}],"about":[{"href":"https:\/\/beyazbutik.com\/ar\/wp-json\/wp\/v2\/types\/product"}],"version-history":[{"count":2,"href":"https:\/\/beyazbutik.com\/ar\/wp-json\/wp\/v2\/product\/23374\/revisions"}],"predecessor-version":[{"id":26781,"href":"https:\/\/beyazbutik.com\/ar\/wp-json\/wp\/v2\/product\/23374\/revisions\/26781"}],"wp:featuredmedia":[{"embeddable":true,"href":"https:\/\/beyazbutik.com\/ar\/wp-json\/wp\/v2\/media\/23389"}],"wp:attachment":[{"href":"https:\/\/beyazbutik.com\/ar\/wp-json\/wp\/v2\/media?parent=23374"}],"wp:term":[{"taxonomy":"product_brand","embeddable":true,"href":"https:\/\/beyazbutik.com\/ar\/wp-json\/wp\/v2\/product_brand?post=23374"},{"taxonomy":"product_cat","embeddable":true,"href":"https:\/\/beyazbutik.com\/ar\/wp-json\/wp\/v2\/product_cat?post=23374"},{"taxonomy":"product_tag","embeddable":true,"href":"https:\/\/beyazbutik.com\/ar\/wp-json\/wp\/v2\/product_tag?post=23374"}],"curies":[{"name":"wp","href":"https:\/\/api.w.org\/{rel}","templated":true}]}}