{"id":23375,"date":"2023-02-08T00:55:30","date_gmt":"2023-02-07T21:55:30","guid":{"rendered":"https:\/\/beyazbutik.com\/?post_type=product&#038;p=23375"},"modified":"2025-03-17T12:57:54","modified_gmt":"2025-03-17T09:57:54","slug":"lynn","status":"publish","type":"product","link":"https:\/\/beyazbutik.com\/ar\/product\/lynn\/","title":{"rendered":"Lynn"},"content":{"rendered":"","protected":false},"excerpt":{"rendered":"<p>Transparan korsaj\u0131 ve y\u0131rtma\u00e7l\u0131 t\u00fcl ete\u011fiyle cesur ve zarif bir tasar\u0131m. Modern ve etkileyici bir gelinlik.<\/p>\n","protected":false},"featured_media":23397,"template":"","meta":[],"product_brand":[],"product_cat":[198,279],"product_tag":[],"class_list":{"0":"post-23375","1":"product","2":"type-product","3":"status-publish","4":"has-post-thumbnail","6":"product_cat-gelinlik","7":"product_cat-jardin-secret","9":"first","10":"instock","11":"shipping-taxable","12":"product-type-simple"},"_links":{"self":[{"href":"https:\/\/beyazbutik.com\/ar\/wp-json\/wp\/v2\/product\/23375","targetHints":{"allow":["GET"]}}],"collection":[{"href":"https:\/\/beyazbutik.com\/ar\/wp-json\/wp\/v2\/product"}],"about":[{"href":"https:\/\/beyazbutik.com\/ar\/wp-json\/wp\/v2\/types\/product"}],"version-history":[{"count":2,"href":"https:\/\/beyazbutik.com\/ar\/wp-json\/wp\/v2\/product\/23375\/revisions"}],"predecessor-version":[{"id":26784,"href":"https:\/\/beyazbutik.com\/ar\/wp-json\/wp\/v2\/product\/23375\/revisions\/26784"}],"wp:featuredmedia":[{"embeddable":true,"href":"https:\/\/beyazbutik.com\/ar\/wp-json\/wp\/v2\/media\/23397"}],"wp:attachment":[{"href":"https:\/\/beyazbutik.com\/ar\/wp-json\/wp\/v2\/media?parent=23375"}],"wp:term":[{"taxonomy":"product_brand","embeddable":true,"href":"https:\/\/beyazbutik.com\/ar\/wp-json\/wp\/v2\/product_brand?post=23375"},{"taxonomy":"product_cat","embeddable":true,"href":"https:\/\/beyazbutik.com\/ar\/wp-json\/wp\/v2\/product_cat?post=23375"},{"taxonomy":"product_tag","embeddable":true,"href":"https:\/\/beyazbutik.com\/ar\/wp-json\/wp\/v2\/product_tag?post=23375"}],"curies":[{"name":"wp","href":"https:\/\/api.w.org\/{rel}","templated":true}]}}