{"id":23377,"date":"2023-02-08T00:55:31","date_gmt":"2023-02-07T21:55:31","guid":{"rendered":"https:\/\/beyazbutik.com\/?post_type=product&#038;p=23377"},"modified":"2025-03-17T13:09:16","modified_gmt":"2025-03-17T10:09:16","slug":"olivia","status":"publish","type":"product","link":"https:\/\/beyazbutik.com\/ar\/product\/olivia\/","title":{"rendered":"Olivia"},"content":{"rendered":"","protected":false},"excerpt":{"rendered":"<p>Dantel i\u015flemeli korsaj\u0131 ve d\u00fc\u015f\u00fck omuz detaylar\u0131yla sofistike bir gelinlik. Ak\u0131\u015fkan ete\u011fiyle zarif bir siluet sunuyor.<\/p>\n","protected":false},"featured_media":23415,"template":"","meta":[],"product_brand":[],"product_cat":[198,279],"product_tag":[],"class_list":{"0":"post-23377","1":"product","2":"type-product","3":"status-publish","4":"has-post-thumbnail","6":"product_cat-gelinlik","7":"product_cat-jardin-secret","9":"first","10":"instock","11":"shipping-taxable","12":"product-type-simple"},"_links":{"self":[{"href":"https:\/\/beyazbutik.com\/ar\/wp-json\/wp\/v2\/product\/23377","targetHints":{"allow":["GET"]}}],"collection":[{"href":"https:\/\/beyazbutik.com\/ar\/wp-json\/wp\/v2\/product"}],"about":[{"href":"https:\/\/beyazbutik.com\/ar\/wp-json\/wp\/v2\/types\/product"}],"version-history":[{"count":2,"href":"https:\/\/beyazbutik.com\/ar\/wp-json\/wp\/v2\/product\/23377\/revisions"}],"predecessor-version":[{"id":26788,"href":"https:\/\/beyazbutik.com\/ar\/wp-json\/wp\/v2\/product\/23377\/revisions\/26788"}],"wp:featuredmedia":[{"embeddable":true,"href":"https:\/\/beyazbutik.com\/ar\/wp-json\/wp\/v2\/media\/23415"}],"wp:attachment":[{"href":"https:\/\/beyazbutik.com\/ar\/wp-json\/wp\/v2\/media?parent=23377"}],"wp:term":[{"taxonomy":"product_brand","embeddable":true,"href":"https:\/\/beyazbutik.com\/ar\/wp-json\/wp\/v2\/product_brand?post=23377"},{"taxonomy":"product_cat","embeddable":true,"href":"https:\/\/beyazbutik.com\/ar\/wp-json\/wp\/v2\/product_cat?post=23377"},{"taxonomy":"product_tag","embeddable":true,"href":"https:\/\/beyazbutik.com\/ar\/wp-json\/wp\/v2\/product_tag?post=23377"}],"curies":[{"name":"wp","href":"https:\/\/api.w.org\/{rel}","templated":true}]}}