{"id":23378,"date":"2023-02-08T00:55:31","date_gmt":"2023-02-07T21:55:31","guid":{"rendered":"https:\/\/beyazbutik.com\/?post_type=product&#038;p=23378"},"modified":"2025-03-17T13:10:04","modified_gmt":"2025-03-17T10:10:04","slug":"pema","status":"publish","type":"product","link":"https:\/\/beyazbutik.com\/ar\/product\/pema\/","title":{"rendered":"Pema"},"content":{"rendered":"","protected":false},"excerpt":{"rendered":"<p>Hafif t\u00fcl detaylar\u0131 ve zarif i\u015f\u00e7ili\u011fiyle romantik bir gelinlik. Minimalist ve g\u00f6z al\u0131c\u0131 bir siluet sunuyor.<\/p>\n","protected":false},"featured_media":23433,"template":"","meta":[],"product_brand":[],"product_cat":[294,198,279],"product_tag":[],"class_list":{"0":"post-23378","1":"product","2":"type-product","3":"status-publish","4":"has-post-thumbnail","6":"product_cat-bestsellers","7":"product_cat-gelinlik","8":"product_cat-jardin-secret","10":"first","11":"instock","12":"shipping-taxable","13":"product-type-simple"},"_links":{"self":[{"href":"https:\/\/beyazbutik.com\/ar\/wp-json\/wp\/v2\/product\/23378","targetHints":{"allow":["GET"]}}],"collection":[{"href":"https:\/\/beyazbutik.com\/ar\/wp-json\/wp\/v2\/product"}],"about":[{"href":"https:\/\/beyazbutik.com\/ar\/wp-json\/wp\/v2\/types\/product"}],"version-history":[{"count":2,"href":"https:\/\/beyazbutik.com\/ar\/wp-json\/wp\/v2\/product\/23378\/revisions"}],"predecessor-version":[{"id":26790,"href":"https:\/\/beyazbutik.com\/ar\/wp-json\/wp\/v2\/product\/23378\/revisions\/26790"}],"wp:featuredmedia":[{"embeddable":true,"href":"https:\/\/beyazbutik.com\/ar\/wp-json\/wp\/v2\/media\/23433"}],"wp:attachment":[{"href":"https:\/\/beyazbutik.com\/ar\/wp-json\/wp\/v2\/media?parent=23378"}],"wp:term":[{"taxonomy":"product_brand","embeddable":true,"href":"https:\/\/beyazbutik.com\/ar\/wp-json\/wp\/v2\/product_brand?post=23378"},{"taxonomy":"product_cat","embeddable":true,"href":"https:\/\/beyazbutik.com\/ar\/wp-json\/wp\/v2\/product_cat?post=23378"},{"taxonomy":"product_tag","embeddable":true,"href":"https:\/\/beyazbutik.com\/ar\/wp-json\/wp\/v2\/product_tag?post=23378"}],"curies":[{"name":"wp","href":"https:\/\/api.w.org\/{rel}","templated":true}]}}