{"id":23379,"date":"2023-02-08T00:55:32","date_gmt":"2023-02-07T21:55:32","guid":{"rendered":"https:\/\/beyazbutik.com\/?post_type=product&#038;p=23379"},"modified":"2025-03-17T13:11:34","modified_gmt":"2025-03-17T10:11:34","slug":"ronia","status":"publish","type":"product","link":"https:\/\/beyazbutik.com\/ar\/product\/ronia\/","title":{"rendered":"Ronia"},"content":{"rendered":"","protected":false},"excerpt":{"rendered":"<p>D\u00fcz kesimi ve zarif i\u015flemeleriyle zamans\u0131z bir prenses kesim gelinlik. Klasik bir duru\u015f sergiliyor.<\/p>\n","protected":false},"featured_media":23443,"template":"","meta":[],"product_brand":[],"product_cat":[198,279],"product_tag":[],"class_list":{"0":"post-23379","1":"product","2":"type-product","3":"status-publish","4":"has-post-thumbnail","6":"product_cat-gelinlik","7":"product_cat-jardin-secret","9":"first","10":"instock","11":"shipping-taxable","12":"product-type-simple"},"_links":{"self":[{"href":"https:\/\/beyazbutik.com\/ar\/wp-json\/wp\/v2\/product\/23379","targetHints":{"allow":["GET"]}}],"collection":[{"href":"https:\/\/beyazbutik.com\/ar\/wp-json\/wp\/v2\/product"}],"about":[{"href":"https:\/\/beyazbutik.com\/ar\/wp-json\/wp\/v2\/types\/product"}],"version-history":[{"count":3,"href":"https:\/\/beyazbutik.com\/ar\/wp-json\/wp\/v2\/product\/23379\/revisions"}],"predecessor-version":[{"id":26793,"href":"https:\/\/beyazbutik.com\/ar\/wp-json\/wp\/v2\/product\/23379\/revisions\/26793"}],"wp:featuredmedia":[{"embeddable":true,"href":"https:\/\/beyazbutik.com\/ar\/wp-json\/wp\/v2\/media\/23443"}],"wp:attachment":[{"href":"https:\/\/beyazbutik.com\/ar\/wp-json\/wp\/v2\/media?parent=23379"}],"wp:term":[{"taxonomy":"product_brand","embeddable":true,"href":"https:\/\/beyazbutik.com\/ar\/wp-json\/wp\/v2\/product_brand?post=23379"},{"taxonomy":"product_cat","embeddable":true,"href":"https:\/\/beyazbutik.com\/ar\/wp-json\/wp\/v2\/product_cat?post=23379"},{"taxonomy":"product_tag","embeddable":true,"href":"https:\/\/beyazbutik.com\/ar\/wp-json\/wp\/v2\/product_tag?post=23379"}],"curies":[{"name":"wp","href":"https:\/\/api.w.org\/{rel}","templated":true}]}}