{"id":23552,"date":"2023-02-08T01:25:22","date_gmt":"2023-02-07T22:25:22","guid":{"rendered":"https:\/\/beyazbutik.com\/?post_type=product&#038;p=23552"},"modified":"2025-03-17T13:14:31","modified_gmt":"2025-03-17T10:14:31","slug":"sarah","status":"publish","type":"product","link":"https:\/\/beyazbutik.com\/ar\/product\/sarah\/","title":{"rendered":"Sarah"},"content":{"rendered":"","protected":false},"excerpt":{"rendered":"<p>Zarif drapeleri ve omuzlar\u0131 a\u00e7\u0131k kesimiyle romantik bir gelinlik. Klasik ve modern detaylar\u0131 bir araya getiriyor.<\/p>\n","protected":false},"featured_media":23461,"template":"","meta":[],"product_brand":[],"product_cat":[198,279],"product_tag":[],"class_list":{"0":"post-23552","1":"product","2":"type-product","3":"status-publish","4":"has-post-thumbnail","6":"product_cat-gelinlik","7":"product_cat-jardin-secret","9":"first","10":"instock","11":"shipping-taxable","12":"product-type-simple"},"_links":{"self":[{"href":"https:\/\/beyazbutik.com\/ar\/wp-json\/wp\/v2\/product\/23552","targetHints":{"allow":["GET"]}}],"collection":[{"href":"https:\/\/beyazbutik.com\/ar\/wp-json\/wp\/v2\/product"}],"about":[{"href":"https:\/\/beyazbutik.com\/ar\/wp-json\/wp\/v2\/types\/product"}],"version-history":[{"count":2,"href":"https:\/\/beyazbutik.com\/ar\/wp-json\/wp\/v2\/product\/23552\/revisions"}],"predecessor-version":[{"id":26799,"href":"https:\/\/beyazbutik.com\/ar\/wp-json\/wp\/v2\/product\/23552\/revisions\/26799"}],"wp:featuredmedia":[{"embeddable":true,"href":"https:\/\/beyazbutik.com\/ar\/wp-json\/wp\/v2\/media\/23461"}],"wp:attachment":[{"href":"https:\/\/beyazbutik.com\/ar\/wp-json\/wp\/v2\/media?parent=23552"}],"wp:term":[{"taxonomy":"product_brand","embeddable":true,"href":"https:\/\/beyazbutik.com\/ar\/wp-json\/wp\/v2\/product_brand?post=23552"},{"taxonomy":"product_cat","embeddable":true,"href":"https:\/\/beyazbutik.com\/ar\/wp-json\/wp\/v2\/product_cat?post=23552"},{"taxonomy":"product_tag","embeddable":true,"href":"https:\/\/beyazbutik.com\/ar\/wp-json\/wp\/v2\/product_tag?post=23552"}],"curies":[{"name":"wp","href":"https:\/\/api.w.org\/{rel}","templated":true}]}}