{"id":23555,"date":"2023-02-08T01:35:50","date_gmt":"2023-02-07T22:35:50","guid":{"rendered":"https:\/\/beyazbutik.com\/?post_type=product&#038;p=23555"},"modified":"2025-03-17T13:57:40","modified_gmt":"2025-03-17T10:57:40","slug":"greenie","status":"publish","type":"product","link":"https:\/\/beyazbutik.com\/ar\/product\/greenie\/","title":{"rendered":"Greenie"},"content":{"rendered":"","protected":false},"excerpt":{"rendered":"<p>Y\u0131rtma\u00e7 detaylar\u0131 ve zarif i\u015flemeleriyle tamamlanan \u015fifon bir elbise. Ak\u0131\u015fkan kuma\u015f\u0131 ve zarif ye\u015fil tonuyla sofistike bir g\u00f6r\u00fcn\u00fcm sunuyor.<\/p>\n","protected":false},"featured_media":23519,"template":"","meta":[],"product_brand":[],"product_cat":[200,279,285],"product_tag":[],"class_list":{"0":"post-23555","1":"product","2":"type-product","3":"status-publish","4":"has-post-thumbnail","6":"product_cat-abiye","7":"product_cat-jardin-secret","8":"product_cat-ss-2023-abiye","10":"first","11":"instock","12":"shipping-taxable","13":"product-type-simple"},"_links":{"self":[{"href":"https:\/\/beyazbutik.com\/ar\/wp-json\/wp\/v2\/product\/23555","targetHints":{"allow":["GET"]}}],"collection":[{"href":"https:\/\/beyazbutik.com\/ar\/wp-json\/wp\/v2\/product"}],"about":[{"href":"https:\/\/beyazbutik.com\/ar\/wp-json\/wp\/v2\/types\/product"}],"version-history":[{"count":3,"href":"https:\/\/beyazbutik.com\/ar\/wp-json\/wp\/v2\/product\/23555\/revisions"}],"predecessor-version":[{"id":26805,"href":"https:\/\/beyazbutik.com\/ar\/wp-json\/wp\/v2\/product\/23555\/revisions\/26805"}],"wp:featuredmedia":[{"embeddable":true,"href":"https:\/\/beyazbutik.com\/ar\/wp-json\/wp\/v2\/media\/23519"}],"wp:attachment":[{"href":"https:\/\/beyazbutik.com\/ar\/wp-json\/wp\/v2\/media?parent=23555"}],"wp:term":[{"taxonomy":"product_brand","embeddable":true,"href":"https:\/\/beyazbutik.com\/ar\/wp-json\/wp\/v2\/product_brand?post=23555"},{"taxonomy":"product_cat","embeddable":true,"href":"https:\/\/beyazbutik.com\/ar\/wp-json\/wp\/v2\/product_cat?post=23555"},{"taxonomy":"product_tag","embeddable":true,"href":"https:\/\/beyazbutik.com\/ar\/wp-json\/wp\/v2\/product_tag?post=23555"}],"curies":[{"name":"wp","href":"https:\/\/api.w.org\/{rel}","templated":true}]}}