{"id":23556,"date":"2023-02-08T01:35:50","date_gmt":"2023-02-07T22:35:50","guid":{"rendered":"https:\/\/beyazbutik.com\/?post_type=product&#038;p=23556"},"modified":"2025-03-17T14:27:16","modified_gmt":"2025-03-17T11:27:16","slug":"jacklyn","status":"publish","type":"product","link":"https:\/\/beyazbutik.com\/ar\/product\/jacklyn\/","title":{"rendered":"Jacklyn"},"content":{"rendered":"","protected":false},"excerpt":{"rendered":"<p>Modern bir tasar\u0131m sunan k\u0131sa blazer elbise, t\u00fcyl\u00fc i\u015flemeleriyle \u015f\u0131kl\u0131\u011f\u0131 ve dinamizmi bir araya getiriyor. G\u00fc\u00e7l\u00fc ve \u00f6zg\u00fcn bir siluet yarat\u0131yor.<\/p>\n","protected":false},"featured_media":23495,"template":"","meta":[],"product_brand":[],"product_cat":[200,279,285],"product_tag":[],"class_list":{"0":"post-23556","1":"product","2":"type-product","3":"status-publish","4":"has-post-thumbnail","6":"product_cat-abiye","7":"product_cat-jardin-secret","8":"product_cat-ss-2023-abiye","10":"first","11":"instock","12":"shipping-taxable","13":"product-type-simple"},"_links":{"self":[{"href":"https:\/\/beyazbutik.com\/ar\/wp-json\/wp\/v2\/product\/23556","targetHints":{"allow":["GET"]}}],"collection":[{"href":"https:\/\/beyazbutik.com\/ar\/wp-json\/wp\/v2\/product"}],"about":[{"href":"https:\/\/beyazbutik.com\/ar\/wp-json\/wp\/v2\/types\/product"}],"version-history":[{"count":3,"href":"https:\/\/beyazbutik.com\/ar\/wp-json\/wp\/v2\/product\/23556\/revisions"}],"predecessor-version":[{"id":26807,"href":"https:\/\/beyazbutik.com\/ar\/wp-json\/wp\/v2\/product\/23556\/revisions\/26807"}],"wp:featuredmedia":[{"embeddable":true,"href":"https:\/\/beyazbutik.com\/ar\/wp-json\/wp\/v2\/media\/23495"}],"wp:attachment":[{"href":"https:\/\/beyazbutik.com\/ar\/wp-json\/wp\/v2\/media?parent=23556"}],"wp:term":[{"taxonomy":"product_brand","embeddable":true,"href":"https:\/\/beyazbutik.com\/ar\/wp-json\/wp\/v2\/product_brand?post=23556"},{"taxonomy":"product_cat","embeddable":true,"href":"https:\/\/beyazbutik.com\/ar\/wp-json\/wp\/v2\/product_cat?post=23556"},{"taxonomy":"product_tag","embeddable":true,"href":"https:\/\/beyazbutik.com\/ar\/wp-json\/wp\/v2\/product_tag?post=23556"}],"curies":[{"name":"wp","href":"https:\/\/api.w.org\/{rel}","templated":true}]}}