{"id":23557,"date":"2023-02-08T01:35:51","date_gmt":"2023-02-07T22:35:51","guid":{"rendered":"https:\/\/beyazbutik.com\/?post_type=product&#038;p=23557"},"modified":"2025-03-17T14:28:39","modified_gmt":"2025-03-17T11:28:39","slug":"lawue","status":"publish","type":"product","link":"https:\/\/beyazbutik.com\/ar\/product\/lawue\/","title":{"rendered":"Lawue"},"content":{"rendered":"","protected":false},"excerpt":{"rendered":"<p>Transparan dantel detaylar\u0131 ve b\u00fcy\u00fck fiyonk s\u00fcslemesiyle sofistike bir gece elbisesi. Feminen ve g\u00f6z al\u0131c\u0131 bir siluet sunuyor.<\/p>\n","protected":false},"featured_media":23521,"template":"","meta":[],"product_brand":[],"product_cat":[200,279,285],"product_tag":[],"class_list":{"0":"post-23557","1":"product","2":"type-product","3":"status-publish","4":"has-post-thumbnail","6":"product_cat-abiye","7":"product_cat-jardin-secret","8":"product_cat-ss-2023-abiye","10":"first","11":"instock","12":"shipping-taxable","13":"product-type-simple"},"_links":{"self":[{"href":"https:\/\/beyazbutik.com\/ar\/wp-json\/wp\/v2\/product\/23557","targetHints":{"allow":["GET"]}}],"collection":[{"href":"https:\/\/beyazbutik.com\/ar\/wp-json\/wp\/v2\/product"}],"about":[{"href":"https:\/\/beyazbutik.com\/ar\/wp-json\/wp\/v2\/types\/product"}],"version-history":[{"count":3,"href":"https:\/\/beyazbutik.com\/ar\/wp-json\/wp\/v2\/product\/23557\/revisions"}],"predecessor-version":[{"id":26809,"href":"https:\/\/beyazbutik.com\/ar\/wp-json\/wp\/v2\/product\/23557\/revisions\/26809"}],"wp:featuredmedia":[{"embeddable":true,"href":"https:\/\/beyazbutik.com\/ar\/wp-json\/wp\/v2\/media\/23521"}],"wp:attachment":[{"href":"https:\/\/beyazbutik.com\/ar\/wp-json\/wp\/v2\/media?parent=23557"}],"wp:term":[{"taxonomy":"product_brand","embeddable":true,"href":"https:\/\/beyazbutik.com\/ar\/wp-json\/wp\/v2\/product_brand?post=23557"},{"taxonomy":"product_cat","embeddable":true,"href":"https:\/\/beyazbutik.com\/ar\/wp-json\/wp\/v2\/product_cat?post=23557"},{"taxonomy":"product_tag","embeddable":true,"href":"https:\/\/beyazbutik.com\/ar\/wp-json\/wp\/v2\/product_tag?post=23557"}],"curies":[{"name":"wp","href":"https:\/\/api.w.org\/{rel}","templated":true}]}}