{"id":23559,"date":"2023-02-08T01:35:51","date_gmt":"2023-02-07T22:35:51","guid":{"rendered":"https:\/\/beyazbutik.com\/?post_type=product&#038;p=23559"},"modified":"2025-03-17T14:30:33","modified_gmt":"2025-03-17T11:30:33","slug":"luvlace","status":"publish","type":"product","link":"https:\/\/beyazbutik.com\/ar\/product\/luvlace\/","title":{"rendered":"Luvlace"},"content":{"rendered":"","protected":false},"excerpt":{"rendered":"<p>Dantel i\u015flemeleri ve kare yakas\u0131yla vintage esintili k\u0131sa bir gelinlik. Uzun kollar\u0131 ile zarif ve nostaljik bir hava kat\u0131yor.<\/p>\n","protected":false},"featured_media":23505,"template":"","meta":[],"product_brand":[],"product_cat":[200,279,285],"product_tag":[],"class_list":{"0":"post-23559","1":"product","2":"type-product","3":"status-publish","4":"has-post-thumbnail","6":"product_cat-abiye","7":"product_cat-jardin-secret","8":"product_cat-ss-2023-abiye","10":"first","11":"instock","12":"shipping-taxable","13":"product-type-simple"},"_links":{"self":[{"href":"https:\/\/beyazbutik.com\/ar\/wp-json\/wp\/v2\/product\/23559","targetHints":{"allow":["GET"]}}],"collection":[{"href":"https:\/\/beyazbutik.com\/ar\/wp-json\/wp\/v2\/product"}],"about":[{"href":"https:\/\/beyazbutik.com\/ar\/wp-json\/wp\/v2\/types\/product"}],"version-history":[{"count":3,"href":"https:\/\/beyazbutik.com\/ar\/wp-json\/wp\/v2\/product\/23559\/revisions"}],"predecessor-version":[{"id":26813,"href":"https:\/\/beyazbutik.com\/ar\/wp-json\/wp\/v2\/product\/23559\/revisions\/26813"}],"wp:featuredmedia":[{"embeddable":true,"href":"https:\/\/beyazbutik.com\/ar\/wp-json\/wp\/v2\/media\/23505"}],"wp:attachment":[{"href":"https:\/\/beyazbutik.com\/ar\/wp-json\/wp\/v2\/media?parent=23559"}],"wp:term":[{"taxonomy":"product_brand","embeddable":true,"href":"https:\/\/beyazbutik.com\/ar\/wp-json\/wp\/v2\/product_brand?post=23559"},{"taxonomy":"product_cat","embeddable":true,"href":"https:\/\/beyazbutik.com\/ar\/wp-json\/wp\/v2\/product_cat?post=23559"},{"taxonomy":"product_tag","embeddable":true,"href":"https:\/\/beyazbutik.com\/ar\/wp-json\/wp\/v2\/product_tag?post=23559"}],"curies":[{"name":"wp","href":"https:\/\/api.w.org\/{rel}","templated":true}]}}