{"id":23563,"date":"2023-02-08T01:35:53","date_gmt":"2023-02-07T22:35:53","guid":{"rendered":"https:\/\/beyazbutik.com\/?post_type=product&#038;p=23563"},"modified":"2025-03-17T14:42:00","modified_gmt":"2025-03-17T11:42:00","slug":"pearly","status":"publish","type":"product","link":"https:\/\/beyazbutik.com\/ar\/product\/pearly\/","title":{"rendered":"Pearly"},"content":{"rendered":"","protected":false},"excerpt":{"rendered":"<p>\u0130nci s\u00fcslemeleriyle bezenmi\u015f zarif ve modern bir midi gelinlik. Minimalist kesimiyle \u015f\u0131kl\u0131\u011f\u0131 \u00f6n plana \u00e7\u0131kar\u0131yor.<\/p>\n","protected":false},"featured_media":23511,"template":"","meta":[],"product_brand":[],"product_cat":[200,279,285],"product_tag":[],"class_list":{"0":"post-23563","1":"product","2":"type-product","3":"status-publish","4":"has-post-thumbnail","6":"product_cat-abiye","7":"product_cat-jardin-secret","8":"product_cat-ss-2023-abiye","10":"first","11":"instock","12":"shipping-taxable","13":"product-type-simple"},"_links":{"self":[{"href":"https:\/\/beyazbutik.com\/ar\/wp-json\/wp\/v2\/product\/23563","targetHints":{"allow":["GET"]}}],"collection":[{"href":"https:\/\/beyazbutik.com\/ar\/wp-json\/wp\/v2\/product"}],"about":[{"href":"https:\/\/beyazbutik.com\/ar\/wp-json\/wp\/v2\/types\/product"}],"version-history":[{"count":3,"href":"https:\/\/beyazbutik.com\/ar\/wp-json\/wp\/v2\/product\/23563\/revisions"}],"predecessor-version":[{"id":26821,"href":"https:\/\/beyazbutik.com\/ar\/wp-json\/wp\/v2\/product\/23563\/revisions\/26821"}],"wp:featuredmedia":[{"embeddable":true,"href":"https:\/\/beyazbutik.com\/ar\/wp-json\/wp\/v2\/media\/23511"}],"wp:attachment":[{"href":"https:\/\/beyazbutik.com\/ar\/wp-json\/wp\/v2\/media?parent=23563"}],"wp:term":[{"taxonomy":"product_brand","embeddable":true,"href":"https:\/\/beyazbutik.com\/ar\/wp-json\/wp\/v2\/product_brand?post=23563"},{"taxonomy":"product_cat","embeddable":true,"href":"https:\/\/beyazbutik.com\/ar\/wp-json\/wp\/v2\/product_cat?post=23563"},{"taxonomy":"product_tag","embeddable":true,"href":"https:\/\/beyazbutik.com\/ar\/wp-json\/wp\/v2\/product_tag?post=23563"}],"curies":[{"name":"wp","href":"https:\/\/api.w.org\/{rel}","templated":true}]}}