{"id":23564,"date":"2023-02-08T01:35:54","date_gmt":"2023-02-07T22:35:54","guid":{"rendered":"https:\/\/beyazbutik.com\/?post_type=product&#038;p=23564"},"modified":"2025-03-17T14:42:59","modified_gmt":"2025-03-17T11:42:59","slug":"willow","status":"publish","type":"product","link":"https:\/\/beyazbutik.com\/ar\/product\/willow\/","title":{"rendered":"Willow"},"content":{"rendered":"","protected":false},"excerpt":{"rendered":"<p>Derin g\u00f6\u011f\u00fcs dekoltesi ve modern kesimiyle minimal \u015f\u0131k bir mini gelinlik. Cesur ve zarif bir siluet sunuyor.<\/p>\n","protected":false},"featured_media":23491,"template":"","meta":[],"product_brand":[],"product_cat":[200,279,285],"product_tag":[],"class_list":{"0":"post-23564","1":"product","2":"type-product","3":"status-publish","4":"has-post-thumbnail","6":"product_cat-abiye","7":"product_cat-jardin-secret","8":"product_cat-ss-2023-abiye","10":"first","11":"instock","12":"shipping-taxable","13":"product-type-simple"},"_links":{"self":[{"href":"https:\/\/beyazbutik.com\/ar\/wp-json\/wp\/v2\/product\/23564","targetHints":{"allow":["GET"]}}],"collection":[{"href":"https:\/\/beyazbutik.com\/ar\/wp-json\/wp\/v2\/product"}],"about":[{"href":"https:\/\/beyazbutik.com\/ar\/wp-json\/wp\/v2\/types\/product"}],"version-history":[{"count":4,"href":"https:\/\/beyazbutik.com\/ar\/wp-json\/wp\/v2\/product\/23564\/revisions"}],"predecessor-version":[{"id":26824,"href":"https:\/\/beyazbutik.com\/ar\/wp-json\/wp\/v2\/product\/23564\/revisions\/26824"}],"wp:featuredmedia":[{"embeddable":true,"href":"https:\/\/beyazbutik.com\/ar\/wp-json\/wp\/v2\/media\/23491"}],"wp:attachment":[{"href":"https:\/\/beyazbutik.com\/ar\/wp-json\/wp\/v2\/media?parent=23564"}],"wp:term":[{"taxonomy":"product_brand","embeddable":true,"href":"https:\/\/beyazbutik.com\/ar\/wp-json\/wp\/v2\/product_brand?post=23564"},{"taxonomy":"product_cat","embeddable":true,"href":"https:\/\/beyazbutik.com\/ar\/wp-json\/wp\/v2\/product_cat?post=23564"},{"taxonomy":"product_tag","embeddable":true,"href":"https:\/\/beyazbutik.com\/ar\/wp-json\/wp\/v2\/product_tag?post=23564"}],"curies":[{"name":"wp","href":"https:\/\/api.w.org\/{rel}","templated":true}]}}