{"id":23566,"date":"2023-02-08T01:36:07","date_gmt":"2023-02-07T22:36:07","guid":{"rendered":"https:\/\/beyazbutik.com\/?post_type=product&#038;p=23566"},"modified":"2025-03-17T14:45:17","modified_gmt":"2025-03-17T11:45:17","slug":"tina","status":"publish","type":"product","link":"https:\/\/beyazbutik.com\/ar\/product\/tina\/","title":{"rendered":"Tina"},"content":{"rendered":"","protected":false},"excerpt":{"rendered":"<p>\u00c7i\u00e7ek aplikeli pelerini ve zarif kesimiyle cesur bir tak\u0131m gelinlik. Modern ve \u00f6zg\u00fcn bir tasar\u0131m sunuyor.<\/p>\n","protected":false},"featured_media":23465,"template":"","meta":[],"product_brand":[],"product_cat":[198,279],"product_tag":[],"class_list":{"0":"post-23566","1":"product","2":"type-product","3":"status-publish","4":"has-post-thumbnail","6":"product_cat-gelinlik","7":"product_cat-jardin-secret","9":"first","10":"instock","11":"shipping-taxable","12":"product-type-simple"},"_links":{"self":[{"href":"https:\/\/beyazbutik.com\/ar\/wp-json\/wp\/v2\/product\/23566","targetHints":{"allow":["GET"]}}],"collection":[{"href":"https:\/\/beyazbutik.com\/ar\/wp-json\/wp\/v2\/product"}],"about":[{"href":"https:\/\/beyazbutik.com\/ar\/wp-json\/wp\/v2\/types\/product"}],"version-history":[{"count":2,"href":"https:\/\/beyazbutik.com\/ar\/wp-json\/wp\/v2\/product\/23566\/revisions"}],"predecessor-version":[{"id":26831,"href":"https:\/\/beyazbutik.com\/ar\/wp-json\/wp\/v2\/product\/23566\/revisions\/26831"}],"wp:featuredmedia":[{"embeddable":true,"href":"https:\/\/beyazbutik.com\/ar\/wp-json\/wp\/v2\/media\/23465"}],"wp:attachment":[{"href":"https:\/\/beyazbutik.com\/ar\/wp-json\/wp\/v2\/media?parent=23566"}],"wp:term":[{"taxonomy":"product_brand","embeddable":true,"href":"https:\/\/beyazbutik.com\/ar\/wp-json\/wp\/v2\/product_brand?post=23566"},{"taxonomy":"product_cat","embeddable":true,"href":"https:\/\/beyazbutik.com\/ar\/wp-json\/wp\/v2\/product_cat?post=23566"},{"taxonomy":"product_tag","embeddable":true,"href":"https:\/\/beyazbutik.com\/ar\/wp-json\/wp\/v2\/product_tag?post=23566"}],"curies":[{"name":"wp","href":"https:\/\/api.w.org\/{rel}","templated":true}]}}