{"id":25195,"date":"2024-02-11T22:52:36","date_gmt":"2024-02-11T19:52:36","guid":{"rendered":"https:\/\/beyazbutik.com\/?post_type=product&#038;p=25195"},"modified":"2025-02-22T20:06:59","modified_gmt":"2025-02-22T17:06:59","slug":"amelie","status":"publish","type":"product","link":"https:\/\/beyazbutik.com\/ar\/product\/amelie\/","title":{"rendered":"Amelie"},"content":{"rendered":"","protected":false},"excerpt":{"rendered":"<p class=\"p1\">Romantik ve zarif dokunu\u015flarla tasarlanan bu \u00f6zel gelinlik, modern \u00e7izgileri ve ince i\u015f\u00e7ili\u011fiyle b\u00fcy\u00fcleyici bir siluet sunuyor.&nbsp;<\/p>\n<p class=\"p1\">\u0130nci i\u015flemeli halter yaka tasar\u0131m\u0131, v\u00fccudu saran \u015f\u0131k transparan detaylar\u0131 ve t\u00fcl etek formu ile sofistike ve g\u00f6z al\u0131c\u0131 bir duru\u015f yarat\u0131yor. El i\u015f\u00e7ili\u011fiyle haz\u0131rlanan \u0131\u015f\u0131lt\u0131l\u0131 nak\u0131\u015flar, gelinli\u011fe zamans\u0131z bir ihti\u015fam katarken, hafif dokusuyla konforlu bir kullan\u0131m sa\u011fl\u0131yor.<\/p>\n","protected":false},"featured_media":25197,"template":"","meta":[],"product_brand":[],"product_cat":[287,198],"product_tag":[],"class_list":{"0":"post-25195","1":"product","2":"type-product","3":"status-publish","4":"has-post-thumbnail","6":"product_cat-experience-of-romance","7":"product_cat-gelinlik","9":"first","10":"instock","11":"shipping-taxable","12":"product-type-simple"},"_links":{"self":[{"href":"https:\/\/beyazbutik.com\/ar\/wp-json\/wp\/v2\/product\/25195","targetHints":{"allow":["GET"]}}],"collection":[{"href":"https:\/\/beyazbutik.com\/ar\/wp-json\/wp\/v2\/product"}],"about":[{"href":"https:\/\/beyazbutik.com\/ar\/wp-json\/wp\/v2\/types\/product"}],"version-history":[{"count":2,"href":"https:\/\/beyazbutik.com\/ar\/wp-json\/wp\/v2\/product\/25195\/revisions"}],"predecessor-version":[{"id":25951,"href":"https:\/\/beyazbutik.com\/ar\/wp-json\/wp\/v2\/product\/25195\/revisions\/25951"}],"wp:featuredmedia":[{"embeddable":true,"href":"https:\/\/beyazbutik.com\/ar\/wp-json\/wp\/v2\/media\/25197"}],"wp:attachment":[{"href":"https:\/\/beyazbutik.com\/ar\/wp-json\/wp\/v2\/media?parent=25195"}],"wp:term":[{"taxonomy":"product_brand","embeddable":true,"href":"https:\/\/beyazbutik.com\/ar\/wp-json\/wp\/v2\/product_brand?post=25195"},{"taxonomy":"product_cat","embeddable":true,"href":"https:\/\/beyazbutik.com\/ar\/wp-json\/wp\/v2\/product_cat?post=25195"},{"taxonomy":"product_tag","embeddable":true,"href":"https:\/\/beyazbutik.com\/ar\/wp-json\/wp\/v2\/product_tag?post=25195"}],"curies":[{"name":"wp","href":"https:\/\/api.w.org\/{rel}","templated":true}]}}