{"id":25202,"date":"2024-02-11T22:55:14","date_gmt":"2024-02-11T19:55:14","guid":{"rendered":"https:\/\/beyazbutik.com\/?post_type=product&#038;p=25202"},"modified":"2025-02-28T21:41:53","modified_gmt":"2025-02-28T18:41:53","slug":"annie","status":"publish","type":"product","link":"https:\/\/beyazbutik.com\/ar\/product\/annie\/","title":{"rendered":"Annie"},"content":{"rendered":"","protected":false},"excerpt":{"rendered":"<p class=\"p1\"><span id=\"_mce_caret\" data-mce-bogus=\"1\" data-mce-type=\"format-caret\"><span class=\"s1\">\ufeff<\/span><\/span>Zamans\u0131z \u015f\u0131kl\u0131\u011f\u0131n modern yorumu Annie, sade ve g\u00fc\u00e7l\u00fc siluetiyle etkileyici bir duru\u015f sunuyor.&nbsp;<\/p>\n<p class=\"p1\">Omuzlar\u0131 zarif\u00e7e ortaya \u00e7\u0131karan d\u00fcz yakas\u0131 ve v\u00fccuda oturan korsaj\u0131, feminen bir siluet yarat\u0131rken, saten dokusuyla asil bir g\u00f6r\u00fcn\u00fcm sa\u011fl\u0131yor. Minimalist detaylar\u0131 ve deniz k\u0131z\u0131 kesimi, Annie&#8217;yi kusursuz bir zarafet simgesi haline getiriyor.<\/p>\n","protected":false},"featured_media":25215,"template":"","meta":[],"product_brand":[],"product_cat":[294,287,198],"product_tag":[],"class_list":{"0":"post-25202","1":"product","2":"type-product","3":"status-publish","4":"has-post-thumbnail","6":"product_cat-bestsellers","7":"product_cat-experience-of-romance","8":"product_cat-gelinlik","10":"first","11":"instock","12":"shipping-taxable","13":"product-type-simple"},"_links":{"self":[{"href":"https:\/\/beyazbutik.com\/ar\/wp-json\/wp\/v2\/product\/25202","targetHints":{"allow":["GET"]}}],"collection":[{"href":"https:\/\/beyazbutik.com\/ar\/wp-json\/wp\/v2\/product"}],"about":[{"href":"https:\/\/beyazbutik.com\/ar\/wp-json\/wp\/v2\/types\/product"}],"version-history":[{"count":1,"href":"https:\/\/beyazbutik.com\/ar\/wp-json\/wp\/v2\/product\/25202\/revisions"}],"predecessor-version":[{"id":25953,"href":"https:\/\/beyazbutik.com\/ar\/wp-json\/wp\/v2\/product\/25202\/revisions\/25953"}],"wp:featuredmedia":[{"embeddable":true,"href":"https:\/\/beyazbutik.com\/ar\/wp-json\/wp\/v2\/media\/25215"}],"wp:attachment":[{"href":"https:\/\/beyazbutik.com\/ar\/wp-json\/wp\/v2\/media?parent=25202"}],"wp:term":[{"taxonomy":"product_brand","embeddable":true,"href":"https:\/\/beyazbutik.com\/ar\/wp-json\/wp\/v2\/product_brand?post=25202"},{"taxonomy":"product_cat","embeddable":true,"href":"https:\/\/beyazbutik.com\/ar\/wp-json\/wp\/v2\/product_cat?post=25202"},{"taxonomy":"product_tag","embeddable":true,"href":"https:\/\/beyazbutik.com\/ar\/wp-json\/wp\/v2\/product_tag?post=25202"}],"curies":[{"name":"wp","href":"https:\/\/api.w.org\/{rel}","templated":true}]}}