{"id":25203,"date":"2024-02-11T22:55:15","date_gmt":"2024-02-11T19:55:15","guid":{"rendered":"https:\/\/beyazbutik.com\/?post_type=product&#038;p=25203"},"modified":"2025-02-22T20:06:59","modified_gmt":"2025-02-22T17:06:59","slug":"ariel","status":"publish","type":"product","link":"https:\/\/beyazbutik.com\/ar\/product\/ariel\/","title":{"rendered":"Ariel"},"content":{"rendered":"","protected":false},"excerpt":{"rendered":"<p class=\"p1\">Romantik ve zarif detaylar\u0131yla Ariel, vintage esintiler ta\u015f\u0131yan b\u00fcy\u00fcleyici bir gelinlik.&nbsp;<\/p>\n<p class=\"p1\">Dantel i\u015flemeli transparan korsesi ve \u00e7i\u00e7ek aplikeli d\u00fc\u015f\u00fck omuz detay\u0131, feminen ve romantik bir hava katarken, ak\u0131c\u0131 etek formu ile asil bir siluet sunuyor. Zarif inci dokunu\u015flar\u0131, gelinli\u011fe zamans\u0131z bir \u015f\u0131kl\u0131k kat\u0131yor.<\/p>\n","protected":false},"featured_media":25219,"template":"","meta":[],"product_brand":[],"product_cat":[287,198],"product_tag":[],"class_list":{"0":"post-25203","1":"product","2":"type-product","3":"status-publish","4":"has-post-thumbnail","6":"product_cat-experience-of-romance","7":"product_cat-gelinlik","9":"first","10":"instock","11":"shipping-taxable","12":"product-type-simple"},"_links":{"self":[{"href":"https:\/\/beyazbutik.com\/ar\/wp-json\/wp\/v2\/product\/25203","targetHints":{"allow":["GET"]}}],"collection":[{"href":"https:\/\/beyazbutik.com\/ar\/wp-json\/wp\/v2\/product"}],"about":[{"href":"https:\/\/beyazbutik.com\/ar\/wp-json\/wp\/v2\/types\/product"}],"version-history":[{"count":1,"href":"https:\/\/beyazbutik.com\/ar\/wp-json\/wp\/v2\/product\/25203\/revisions"}],"predecessor-version":[{"id":25954,"href":"https:\/\/beyazbutik.com\/ar\/wp-json\/wp\/v2\/product\/25203\/revisions\/25954"}],"wp:featuredmedia":[{"embeddable":true,"href":"https:\/\/beyazbutik.com\/ar\/wp-json\/wp\/v2\/media\/25219"}],"wp:attachment":[{"href":"https:\/\/beyazbutik.com\/ar\/wp-json\/wp\/v2\/media?parent=25203"}],"wp:term":[{"taxonomy":"product_brand","embeddable":true,"href":"https:\/\/beyazbutik.com\/ar\/wp-json\/wp\/v2\/product_brand?post=25203"},{"taxonomy":"product_cat","embeddable":true,"href":"https:\/\/beyazbutik.com\/ar\/wp-json\/wp\/v2\/product_cat?post=25203"},{"taxonomy":"product_tag","embeddable":true,"href":"https:\/\/beyazbutik.com\/ar\/wp-json\/wp\/v2\/product_tag?post=25203"}],"curies":[{"name":"wp","href":"https:\/\/api.w.org\/{rel}","templated":true}]}}