{"id":25204,"date":"2024-02-11T22:55:15","date_gmt":"2024-02-11T19:55:15","guid":{"rendered":"https:\/\/beyazbutik.com\/?post_type=product&#038;p=25204"},"modified":"2025-02-28T21:41:52","modified_gmt":"2025-02-28T18:41:52","slug":"betty","status":"publish","type":"product","link":"https:\/\/beyazbutik.com\/ar\/product\/betty\/","title":{"rendered":"Betty"},"content":{"rendered":"","protected":false},"excerpt":{"rendered":"<p class=\"p1\">Masals\u0131 dokunu\u015flar\u0131yla Betty, romantik gelinlerin hayallerini s\u00fcsl\u00fcyor.&nbsp;<\/p>\n<p class=\"p1\">Transparan korsesi ve zarif dantel i\u015flemeleri, nostaljik bir \u015f\u0131kl\u0131k sunarken, u\u00e7u\u015fan t\u00fcl detaylar\u0131 gelinli\u011fe b\u00fcy\u00fcleyici bir hareket kat\u0131yor. Ak\u0131\u015fkan ete\u011fi ve d\u00fc\u015f\u00fck omuz tasar\u0131m\u0131yla Betty, klasik ve modern detaylar\u0131 m\u00fckemmel bir uyumla birle\u015ftiriyor.<\/p>\n","protected":false},"featured_media":25223,"template":"","meta":[],"product_brand":[],"product_cat":[294,287,198],"product_tag":[],"class_list":{"0":"post-25204","1":"product","2":"type-product","3":"status-publish","4":"has-post-thumbnail","6":"product_cat-bestsellers","7":"product_cat-experience-of-romance","8":"product_cat-gelinlik","10":"first","11":"instock","12":"shipping-taxable","13":"product-type-simple"},"_links":{"self":[{"href":"https:\/\/beyazbutik.com\/ar\/wp-json\/wp\/v2\/product\/25204","targetHints":{"allow":["GET"]}}],"collection":[{"href":"https:\/\/beyazbutik.com\/ar\/wp-json\/wp\/v2\/product"}],"about":[{"href":"https:\/\/beyazbutik.com\/ar\/wp-json\/wp\/v2\/types\/product"}],"version-history":[{"count":1,"href":"https:\/\/beyazbutik.com\/ar\/wp-json\/wp\/v2\/product\/25204\/revisions"}],"predecessor-version":[{"id":25955,"href":"https:\/\/beyazbutik.com\/ar\/wp-json\/wp\/v2\/product\/25204\/revisions\/25955"}],"wp:featuredmedia":[{"embeddable":true,"href":"https:\/\/beyazbutik.com\/ar\/wp-json\/wp\/v2\/media\/25223"}],"wp:attachment":[{"href":"https:\/\/beyazbutik.com\/ar\/wp-json\/wp\/v2\/media?parent=25204"}],"wp:term":[{"taxonomy":"product_brand","embeddable":true,"href":"https:\/\/beyazbutik.com\/ar\/wp-json\/wp\/v2\/product_brand?post=25204"},{"taxonomy":"product_cat","embeddable":true,"href":"https:\/\/beyazbutik.com\/ar\/wp-json\/wp\/v2\/product_cat?post=25204"},{"taxonomy":"product_tag","embeddable":true,"href":"https:\/\/beyazbutik.com\/ar\/wp-json\/wp\/v2\/product_tag?post=25204"}],"curies":[{"name":"wp","href":"https:\/\/api.w.org\/{rel}","templated":true}]}}