{"id":25205,"date":"2024-02-11T22:55:16","date_gmt":"2024-02-11T19:55:16","guid":{"rendered":"https:\/\/beyazbutik.com\/?post_type=product&#038;p=25205"},"modified":"2025-02-22T20:07:08","modified_gmt":"2025-02-22T17:07:08","slug":"billie","status":"publish","type":"product","link":"https:\/\/beyazbutik.com\/ar\/product\/billie\/","title":{"rendered":"Billie"},"content":{"rendered":"","protected":false},"excerpt":{"rendered":"<p class=\"p1\">Zarif ve zamans\u0131z bir duru\u015f sergileyen Billie, sade \u015f\u0131kl\u0131\u011f\u0131n en g\u00fczel temsilcisi.<\/p>\n<p class=\"p1\">Kusursuz kesimi ve ak\u0131\u015fkan ete\u011fiyle asil bir siluet sunarken, modern kay\u0131k yakas\u0131 ve saten dokusu gelinli\u011fe sofistike bir hava kat\u0131yor. Minimalist tasar\u0131m\u0131yla sadeli\u011fin b\u00fcy\u00fcs\u00fcn\u00fc hissettiriyor.<\/p>\n","protected":false},"featured_media":25227,"template":"","meta":[],"product_brand":[],"product_cat":[287,198],"product_tag":[],"class_list":{"0":"post-25205","1":"product","2":"type-product","3":"status-publish","4":"has-post-thumbnail","6":"product_cat-experience-of-romance","7":"product_cat-gelinlik","9":"first","10":"instock","11":"shipping-taxable","12":"product-type-simple"},"_links":{"self":[{"href":"https:\/\/beyazbutik.com\/ar\/wp-json\/wp\/v2\/product\/25205","targetHints":{"allow":["GET"]}}],"collection":[{"href":"https:\/\/beyazbutik.com\/ar\/wp-json\/wp\/v2\/product"}],"about":[{"href":"https:\/\/beyazbutik.com\/ar\/wp-json\/wp\/v2\/types\/product"}],"version-history":[{"count":1,"href":"https:\/\/beyazbutik.com\/ar\/wp-json\/wp\/v2\/product\/25205\/revisions"}],"predecessor-version":[{"id":25956,"href":"https:\/\/beyazbutik.com\/ar\/wp-json\/wp\/v2\/product\/25205\/revisions\/25956"}],"wp:featuredmedia":[{"embeddable":true,"href":"https:\/\/beyazbutik.com\/ar\/wp-json\/wp\/v2\/media\/25227"}],"wp:attachment":[{"href":"https:\/\/beyazbutik.com\/ar\/wp-json\/wp\/v2\/media?parent=25205"}],"wp:term":[{"taxonomy":"product_brand","embeddable":true,"href":"https:\/\/beyazbutik.com\/ar\/wp-json\/wp\/v2\/product_brand?post=25205"},{"taxonomy":"product_cat","embeddable":true,"href":"https:\/\/beyazbutik.com\/ar\/wp-json\/wp\/v2\/product_cat?post=25205"},{"taxonomy":"product_tag","embeddable":true,"href":"https:\/\/beyazbutik.com\/ar\/wp-json\/wp\/v2\/product_tag?post=25205"}],"curies":[{"name":"wp","href":"https:\/\/api.w.org\/{rel}","templated":true}]}}