{"id":25206,"date":"2024-02-11T22:55:16","date_gmt":"2024-02-11T19:55:16","guid":{"rendered":"https:\/\/beyazbutik.com\/?post_type=product&#038;p=25206"},"modified":"2025-02-22T20:07:08","modified_gmt":"2025-02-22T17:07:08","slug":"carla","status":"publish","type":"product","link":"https:\/\/beyazbutik.com\/ar\/product\/carla\/","title":{"rendered":"Carla"},"content":{"rendered":"","protected":false},"excerpt":{"rendered":"<p class=\"p1\">G\u00f6rkemli ve romantik detaylar\u0131yla Carla, zarafetin ihti\u015famla bulu\u015ftu\u011fu bir tasar\u0131m sunuyor.<\/p>\n<p class=\"p1\">Dantel i\u015flemeli transparan korsesi, peplum detay\u0131yla hareket kazan\u0131rken, kabar\u0131k t\u00fcl ete\u011fi masals\u0131 bir g\u00f6r\u00fcn\u00fcm sa\u011fl\u0131yor. \u0130nce ask\u0131lar\u0131 ve modern siluetiyle klasik balo tarz\u0131na \u00f6zg\u00fcn bir dokunu\u015f kat\u0131yor.<\/p>\n","protected":false},"featured_media":25263,"template":"","meta":[],"product_brand":[],"product_cat":[287,198],"product_tag":[],"class_list":{"0":"post-25206","1":"product","2":"type-product","3":"status-publish","4":"has-post-thumbnail","6":"product_cat-experience-of-romance","7":"product_cat-gelinlik","9":"first","10":"instock","11":"shipping-taxable","12":"product-type-simple"},"_links":{"self":[{"href":"https:\/\/beyazbutik.com\/ar\/wp-json\/wp\/v2\/product\/25206","targetHints":{"allow":["GET"]}}],"collection":[{"href":"https:\/\/beyazbutik.com\/ar\/wp-json\/wp\/v2\/product"}],"about":[{"href":"https:\/\/beyazbutik.com\/ar\/wp-json\/wp\/v2\/types\/product"}],"version-history":[{"count":1,"href":"https:\/\/beyazbutik.com\/ar\/wp-json\/wp\/v2\/product\/25206\/revisions"}],"predecessor-version":[{"id":25957,"href":"https:\/\/beyazbutik.com\/ar\/wp-json\/wp\/v2\/product\/25206\/revisions\/25957"}],"wp:featuredmedia":[{"embeddable":true,"href":"https:\/\/beyazbutik.com\/ar\/wp-json\/wp\/v2\/media\/25263"}],"wp:attachment":[{"href":"https:\/\/beyazbutik.com\/ar\/wp-json\/wp\/v2\/media?parent=25206"}],"wp:term":[{"taxonomy":"product_brand","embeddable":true,"href":"https:\/\/beyazbutik.com\/ar\/wp-json\/wp\/v2\/product_brand?post=25206"},{"taxonomy":"product_cat","embeddable":true,"href":"https:\/\/beyazbutik.com\/ar\/wp-json\/wp\/v2\/product_cat?post=25206"},{"taxonomy":"product_tag","embeddable":true,"href":"https:\/\/beyazbutik.com\/ar\/wp-json\/wp\/v2\/product_tag?post=25206"}],"curies":[{"name":"wp","href":"https:\/\/api.w.org\/{rel}","templated":true}]}}