{"id":25207,"date":"2024-02-11T22:55:16","date_gmt":"2024-02-11T19:55:16","guid":{"rendered":"https:\/\/beyazbutik.com\/?post_type=product&#038;p=25207"},"modified":"2025-02-22T20:07:08","modified_gmt":"2025-02-22T17:07:08","slug":"catherine","status":"publish","type":"product","link":"https:\/\/beyazbutik.com\/ar\/product\/catherine\/","title":{"rendered":"Catherine"},"content":{"rendered":"","protected":false},"excerpt":{"rendered":"<p class=\"p1\">Zarafeti ve ihti\u015fam\u0131 bir araya getiren Catherine, klasik gelinlik siluetine modern bir dokunu\u015f kat\u0131yor.<\/p>\n<p class=\"p1\">G\u00f6z al\u0131c\u0131 dantel i\u015flemeleri ve korsaj detaylar\u0131, sofistike bir g\u00f6r\u00fcn\u00fcm sa\u011flarken, prenses kesimiyle b\u00fcy\u00fcleyici bir siluet sunuyor. Straplez yaka tasar\u0131m\u0131, zamans\u0131z bir \u015f\u0131kl\u0131k yarat\u0131yor.<\/p>\n","protected":false},"featured_media":25275,"template":"","meta":[],"product_brand":[],"product_cat":[287,198],"product_tag":[],"class_list":{"0":"post-25207","1":"product","2":"type-product","3":"status-publish","4":"has-post-thumbnail","6":"product_cat-experience-of-romance","7":"product_cat-gelinlik","9":"first","10":"instock","11":"shipping-taxable","12":"product-type-simple"},"_links":{"self":[{"href":"https:\/\/beyazbutik.com\/ar\/wp-json\/wp\/v2\/product\/25207","targetHints":{"allow":["GET"]}}],"collection":[{"href":"https:\/\/beyazbutik.com\/ar\/wp-json\/wp\/v2\/product"}],"about":[{"href":"https:\/\/beyazbutik.com\/ar\/wp-json\/wp\/v2\/types\/product"}],"version-history":[{"count":1,"href":"https:\/\/beyazbutik.com\/ar\/wp-json\/wp\/v2\/product\/25207\/revisions"}],"predecessor-version":[{"id":25958,"href":"https:\/\/beyazbutik.com\/ar\/wp-json\/wp\/v2\/product\/25207\/revisions\/25958"}],"wp:featuredmedia":[{"embeddable":true,"href":"https:\/\/beyazbutik.com\/ar\/wp-json\/wp\/v2\/media\/25275"}],"wp:attachment":[{"href":"https:\/\/beyazbutik.com\/ar\/wp-json\/wp\/v2\/media?parent=25207"}],"wp:term":[{"taxonomy":"product_brand","embeddable":true,"href":"https:\/\/beyazbutik.com\/ar\/wp-json\/wp\/v2\/product_brand?post=25207"},{"taxonomy":"product_cat","embeddable":true,"href":"https:\/\/beyazbutik.com\/ar\/wp-json\/wp\/v2\/product_cat?post=25207"},{"taxonomy":"product_tag","embeddable":true,"href":"https:\/\/beyazbutik.com\/ar\/wp-json\/wp\/v2\/product_tag?post=25207"}],"curies":[{"name":"wp","href":"https:\/\/api.w.org\/{rel}","templated":true}]}}