{"id":25208,"date":"2024-02-11T22:55:17","date_gmt":"2024-02-11T19:55:17","guid":{"rendered":"https:\/\/beyazbutik.com\/?post_type=product&#038;p=25208"},"modified":"2025-02-22T20:07:17","modified_gmt":"2025-02-22T17:07:17","slug":"emmeline","status":"publish","type":"product","link":"https:\/\/beyazbutik.com\/ar\/product\/emmeline\/","title":{"rendered":"Emmeline"},"content":{"rendered":"","protected":false},"excerpt":{"rendered":"<p class=\"p1\">Klasik silueti modern dokunu\u015flarla yeniden yorumlayan Emmeline, sofistike bir zarafet sunuyor.<\/p>\n<p class=\"p1\">Derin V yaka tasar\u0131m\u0131 ve i\u015flemeli transparan \u00fcst detay\u0131, g\u00fc\u00e7l\u00fc bir kontrast yarat\u0131rken, ak\u0131\u015fkan ete\u011fi gelinli\u011fe asil bir duru\u015f kat\u0131yor. Zamans\u0131z ve etkileyici bir stil arayanlar i\u00e7in m\u00fckemmel bir se\u00e7im.<\/p>\n","protected":false},"featured_media":25281,"template":"","meta":[],"product_brand":[],"product_cat":[287,198],"product_tag":[],"class_list":{"0":"post-25208","1":"product","2":"type-product","3":"status-publish","4":"has-post-thumbnail","6":"product_cat-experience-of-romance","7":"product_cat-gelinlik","9":"first","10":"instock","11":"shipping-taxable","12":"product-type-simple"},"_links":{"self":[{"href":"https:\/\/beyazbutik.com\/ar\/wp-json\/wp\/v2\/product\/25208","targetHints":{"allow":["GET"]}}],"collection":[{"href":"https:\/\/beyazbutik.com\/ar\/wp-json\/wp\/v2\/product"}],"about":[{"href":"https:\/\/beyazbutik.com\/ar\/wp-json\/wp\/v2\/types\/product"}],"version-history":[{"count":1,"href":"https:\/\/beyazbutik.com\/ar\/wp-json\/wp\/v2\/product\/25208\/revisions"}],"predecessor-version":[{"id":25959,"href":"https:\/\/beyazbutik.com\/ar\/wp-json\/wp\/v2\/product\/25208\/revisions\/25959"}],"wp:featuredmedia":[{"embeddable":true,"href":"https:\/\/beyazbutik.com\/ar\/wp-json\/wp\/v2\/media\/25281"}],"wp:attachment":[{"href":"https:\/\/beyazbutik.com\/ar\/wp-json\/wp\/v2\/media?parent=25208"}],"wp:term":[{"taxonomy":"product_brand","embeddable":true,"href":"https:\/\/beyazbutik.com\/ar\/wp-json\/wp\/v2\/product_brand?post=25208"},{"taxonomy":"product_cat","embeddable":true,"href":"https:\/\/beyazbutik.com\/ar\/wp-json\/wp\/v2\/product_cat?post=25208"},{"taxonomy":"product_tag","embeddable":true,"href":"https:\/\/beyazbutik.com\/ar\/wp-json\/wp\/v2\/product_tag?post=25208"}],"curies":[{"name":"wp","href":"https:\/\/api.w.org\/{rel}","templated":true}]}}