{"id":25209,"date":"2024-02-11T22:55:17","date_gmt":"2024-02-11T19:55:17","guid":{"rendered":"https:\/\/beyazbutik.com\/?post_type=product&#038;p=25209"},"modified":"2025-04-14T12:02:09","modified_gmt":"2025-04-14T09:02:09","slug":"eva","status":"publish","type":"product","link":"https:\/\/beyazbutik.com\/ar\/product\/eva\/","title":{"rendered":"Eva"},"content":{"rendered":"","protected":false},"excerpt":{"rendered":"<p class=\"p1\">Do\u011fadan ilham alan Eva, zarif \u00e7i\u00e7ek aplikeleriyle romantizmi en saf haliyle yans\u0131t\u0131yor.<\/p>\n<p class=\"p1\">\n","protected":false},"featured_media":25285,"template":"","meta":[],"product_brand":[],"product_cat":[287,198],"product_tag":[],"class_list":{"0":"post-25209","1":"product","2":"type-product","3":"status-publish","4":"has-post-thumbnail","6":"product_cat-experience-of-romance","7":"product_cat-gelinlik","9":"first","10":"instock","11":"shipping-taxable","12":"product-type-simple"},"_links":{"self":[{"href":"https:\/\/beyazbutik.com\/ar\/wp-json\/wp\/v2\/product\/25209","targetHints":{"allow":["GET"]}}],"collection":[{"href":"https:\/\/beyazbutik.com\/ar\/wp-json\/wp\/v2\/product"}],"about":[{"href":"https:\/\/beyazbutik.com\/ar\/wp-json\/wp\/v2\/types\/product"}],"version-history":[{"count":2,"href":"https:\/\/beyazbutik.com\/ar\/wp-json\/wp\/v2\/product\/25209\/revisions"}],"predecessor-version":[{"id":27321,"href":"https:\/\/beyazbutik.com\/ar\/wp-json\/wp\/v2\/product\/25209\/revisions\/27321"}],"wp:featuredmedia":[{"embeddable":true,"href":"https:\/\/beyazbutik.com\/ar\/wp-json\/wp\/v2\/media\/25285"}],"wp:attachment":[{"href":"https:\/\/beyazbutik.com\/ar\/wp-json\/wp\/v2\/media?parent=25209"}],"wp:term":[{"taxonomy":"product_brand","embeddable":true,"href":"https:\/\/beyazbutik.com\/ar\/wp-json\/wp\/v2\/product_brand?post=25209"},{"taxonomy":"product_cat","embeddable":true,"href":"https:\/\/beyazbutik.com\/ar\/wp-json\/wp\/v2\/product_cat?post=25209"},{"taxonomy":"product_tag","embeddable":true,"href":"https:\/\/beyazbutik.com\/ar\/wp-json\/wp\/v2\/product_tag?post=25209"}],"curies":[{"name":"wp","href":"https:\/\/api.w.org\/{rel}","templated":true}]}}