{"id":25210,"date":"2024-02-11T22:55:17","date_gmt":"2024-02-11T19:55:17","guid":{"rendered":"https:\/\/beyazbutik.com\/?post_type=product&#038;p=25210"},"modified":"2025-02-22T20:07:17","modified_gmt":"2025-02-22T17:07:17","slug":"felix","status":"publish","type":"product","link":"https:\/\/beyazbutik.com\/ar\/product\/felix\/","title":{"rendered":"Felix"},"content":{"rendered":"","protected":false},"excerpt":{"rendered":"<p class=\"p1\">Cesur ve modern bir dokunu\u015fla tasarlanan Felix, \u00f6zg\u00fcn gelinlerin tercihi.&nbsp;<\/p>\n<p class=\"p1\">Korse formu, zarif boncuk i\u015f\u00e7ili\u011fi ve asimetrik inci detaylar\u0131 ile \u0131\u015f\u0131lt\u0131l\u0131 bir siluet sunarken, k\u0131sa kesimi \u00e7a\u011fda\u015f bir stil yarat\u0131yor. \u015eeffaf eldiven detaylar\u0131yla tamamlanan bu tasar\u0131m, iddial\u0131 ve sofistike bir g\u00f6r\u00fcn\u00fcm sa\u011fl\u0131yor.<\/p>\n","protected":false},"featured_media":25293,"template":"","meta":[],"product_brand":[],"product_cat":[287,198],"product_tag":[],"class_list":{"0":"post-25210","1":"product","2":"type-product","3":"status-publish","4":"has-post-thumbnail","6":"product_cat-experience-of-romance","7":"product_cat-gelinlik","9":"first","10":"instock","11":"shipping-taxable","12":"product-type-simple"},"_links":{"self":[{"href":"https:\/\/beyazbutik.com\/ar\/wp-json\/wp\/v2\/product\/25210","targetHints":{"allow":["GET"]}}],"collection":[{"href":"https:\/\/beyazbutik.com\/ar\/wp-json\/wp\/v2\/product"}],"about":[{"href":"https:\/\/beyazbutik.com\/ar\/wp-json\/wp\/v2\/types\/product"}],"version-history":[{"count":1,"href":"https:\/\/beyazbutik.com\/ar\/wp-json\/wp\/v2\/product\/25210\/revisions"}],"predecessor-version":[{"id":25961,"href":"https:\/\/beyazbutik.com\/ar\/wp-json\/wp\/v2\/product\/25210\/revisions\/25961"}],"wp:featuredmedia":[{"embeddable":true,"href":"https:\/\/beyazbutik.com\/ar\/wp-json\/wp\/v2\/media\/25293"}],"wp:attachment":[{"href":"https:\/\/beyazbutik.com\/ar\/wp-json\/wp\/v2\/media?parent=25210"}],"wp:term":[{"taxonomy":"product_brand","embeddable":true,"href":"https:\/\/beyazbutik.com\/ar\/wp-json\/wp\/v2\/product_brand?post=25210"},{"taxonomy":"product_cat","embeddable":true,"href":"https:\/\/beyazbutik.com\/ar\/wp-json\/wp\/v2\/product_cat?post=25210"},{"taxonomy":"product_tag","embeddable":true,"href":"https:\/\/beyazbutik.com\/ar\/wp-json\/wp\/v2\/product_tag?post=25210"}],"curies":[{"name":"wp","href":"https:\/\/api.w.org\/{rel}","templated":true}]}}