{"id":25453,"date":"2024-02-11T23:41:49","date_gmt":"2024-02-11T20:41:49","guid":{"rendered":"https:\/\/beyazbutik.com\/?post_type=product&#038;p=25453"},"modified":"2025-02-28T21:41:52","modified_gmt":"2025-02-28T18:41:52","slug":"florance","status":"publish","type":"product","link":"https:\/\/beyazbutik.com\/ar\/product\/florance\/","title":{"rendered":"Florance"},"content":{"rendered":"","protected":false},"excerpt":{"rendered":"<p class=\"p1\">Zarif ve heykelsi duru\u015fuyla Florance, klasik ve modern tasar\u0131m\u0131n m\u00fckemmel bir birle\u015fimi.<\/p>\n<p class=\"p1\">D\u00fcz kesimi ve \u00e7arp\u0131c\u0131 omuz detaylar\u0131, minimalist bir \u015f\u0131kl\u0131k sunarken, zarif diki\u015f hatlar\u0131 gelinli\u011fe sofistike bir yap\u0131 kazand\u0131r\u0131yor.<\/p>\n","protected":false},"featured_media":25297,"template":"","meta":[],"product_brand":[],"product_cat":[294,287,198],"product_tag":[],"class_list":{"0":"post-25453","1":"product","2":"type-product","3":"status-publish","4":"has-post-thumbnail","6":"product_cat-bestsellers","7":"product_cat-experience-of-romance","8":"product_cat-gelinlik","10":"first","11":"instock","12":"shipping-taxable","13":"product-type-simple"},"_links":{"self":[{"href":"https:\/\/beyazbutik.com\/ar\/wp-json\/wp\/v2\/product\/25453","targetHints":{"allow":["GET"]}}],"collection":[{"href":"https:\/\/beyazbutik.com\/ar\/wp-json\/wp\/v2\/product"}],"about":[{"href":"https:\/\/beyazbutik.com\/ar\/wp-json\/wp\/v2\/types\/product"}],"version-history":[{"count":1,"href":"https:\/\/beyazbutik.com\/ar\/wp-json\/wp\/v2\/product\/25453\/revisions"}],"predecessor-version":[{"id":25962,"href":"https:\/\/beyazbutik.com\/ar\/wp-json\/wp\/v2\/product\/25453\/revisions\/25962"}],"wp:featuredmedia":[{"embeddable":true,"href":"https:\/\/beyazbutik.com\/ar\/wp-json\/wp\/v2\/media\/25297"}],"wp:attachment":[{"href":"https:\/\/beyazbutik.com\/ar\/wp-json\/wp\/v2\/media?parent=25453"}],"wp:term":[{"taxonomy":"product_brand","embeddable":true,"href":"https:\/\/beyazbutik.com\/ar\/wp-json\/wp\/v2\/product_brand?post=25453"},{"taxonomy":"product_cat","embeddable":true,"href":"https:\/\/beyazbutik.com\/ar\/wp-json\/wp\/v2\/product_cat?post=25453"},{"taxonomy":"product_tag","embeddable":true,"href":"https:\/\/beyazbutik.com\/ar\/wp-json\/wp\/v2\/product_tag?post=25453"}],"curies":[{"name":"wp","href":"https:\/\/api.w.org\/{rel}","templated":true}]}}