{"id":25454,"date":"2024-02-11T23:41:49","date_gmt":"2024-02-11T20:41:49","guid":{"rendered":"https:\/\/beyazbutik.com\/?post_type=product&#038;p=25454"},"modified":"2025-02-22T20:07:26","modified_gmt":"2025-02-22T17:07:26","slug":"franka","status":"publish","type":"product","link":"https:\/\/beyazbutik.com\/ar\/product\/franka\/","title":{"rendered":"Franka"},"content":{"rendered":"","protected":false},"excerpt":{"rendered":"<p class=\"p1\">Sanatsal dokunu\u015flar\u0131 ve heykelsi formuyla Franka, ihti\u015fam\u0131n modern bir yans\u0131mas\u0131.&nbsp;<\/p>\n<p class=\"p1\">Straplez korsaj\u0131 ve el i\u015f\u00e7ili\u011fiyle i\u015flenen boncuk detaylar\u0131, asil bir g\u00f6r\u00fcn\u00fcm sunarken, geometrik plise ete\u011fi gelinli\u011fe g\u00fc\u00e7l\u00fc ve benzersiz bir hareket kat\u0131yor.<\/p>\n","protected":false},"featured_media":25303,"template":"","meta":[],"product_brand":[],"product_cat":[287,198],"product_tag":[],"class_list":{"0":"post-25454","1":"product","2":"type-product","3":"status-publish","4":"has-post-thumbnail","6":"product_cat-experience-of-romance","7":"product_cat-gelinlik","9":"first","10":"instock","11":"shipping-taxable","12":"product-type-simple"},"_links":{"self":[{"href":"https:\/\/beyazbutik.com\/ar\/wp-json\/wp\/v2\/product\/25454","targetHints":{"allow":["GET"]}}],"collection":[{"href":"https:\/\/beyazbutik.com\/ar\/wp-json\/wp\/v2\/product"}],"about":[{"href":"https:\/\/beyazbutik.com\/ar\/wp-json\/wp\/v2\/types\/product"}],"version-history":[{"count":2,"href":"https:\/\/beyazbutik.com\/ar\/wp-json\/wp\/v2\/product\/25454\/revisions"}],"predecessor-version":[{"id":27353,"href":"https:\/\/beyazbutik.com\/ar\/wp-json\/wp\/v2\/product\/25454\/revisions\/27353"}],"wp:featuredmedia":[{"embeddable":true,"href":"https:\/\/beyazbutik.com\/ar\/wp-json\/wp\/v2\/media\/25303"}],"wp:attachment":[{"href":"https:\/\/beyazbutik.com\/ar\/wp-json\/wp\/v2\/media?parent=25454"}],"wp:term":[{"taxonomy":"product_brand","embeddable":true,"href":"https:\/\/beyazbutik.com\/ar\/wp-json\/wp\/v2\/product_brand?post=25454"},{"taxonomy":"product_cat","embeddable":true,"href":"https:\/\/beyazbutik.com\/ar\/wp-json\/wp\/v2\/product_cat?post=25454"},{"taxonomy":"product_tag","embeddable":true,"href":"https:\/\/beyazbutik.com\/ar\/wp-json\/wp\/v2\/product_tag?post=25454"}],"curies":[{"name":"wp","href":"https:\/\/api.w.org\/{rel}","templated":true}]}}