{"id":25457,"date":"2024-02-11T23:41:50","date_gmt":"2024-02-11T20:41:50","guid":{"rendered":"https:\/\/beyazbutik.com\/?post_type=product&#038;p=25457"},"modified":"2025-02-22T20:07:26","modified_gmt":"2025-02-22T17:07:26","slug":"harriet","status":"publish","type":"product","link":"https:\/\/beyazbutik.com\/ar\/product\/harriet\/","title":{"rendered":"Harriet"},"content":{"rendered":"","protected":false},"excerpt":{"rendered":"<p class=\"p1\">Cesur ve sofistike detaylar\u0131yla Harriet, modern gelinler i\u00e7in g\u00fc\u00e7l\u00fc bir siluet sunuyor.&nbsp;<\/p>\n<p class=\"p1\">Derin V yakal\u0131 straplez korsaj\u0131 ve zarif i\u015fleme detaylar\u0131, feminen bir zarafet sunarken, y\u0131rtma\u00e7l\u0131 d\u00fcz kesimi ve katmanl\u0131 arka detay\u0131 g\u00f6z al\u0131c\u0131 bir hareket kat\u0131yor.<\/p>\n","protected":false},"featured_media":25315,"template":"","meta":[],"product_brand":[],"product_cat":[287,198],"product_tag":[],"class_list":{"0":"post-25457","1":"product","2":"type-product","3":"status-publish","4":"has-post-thumbnail","6":"product_cat-experience-of-romance","7":"product_cat-gelinlik","9":"first","10":"instock","11":"shipping-taxable","12":"product-type-simple"},"_links":{"self":[{"href":"https:\/\/beyazbutik.com\/ar\/wp-json\/wp\/v2\/product\/25457","targetHints":{"allow":["GET"]}}],"collection":[{"href":"https:\/\/beyazbutik.com\/ar\/wp-json\/wp\/v2\/product"}],"about":[{"href":"https:\/\/beyazbutik.com\/ar\/wp-json\/wp\/v2\/types\/product"}],"version-history":[{"count":1,"href":"https:\/\/beyazbutik.com\/ar\/wp-json\/wp\/v2\/product\/25457\/revisions"}],"predecessor-version":[{"id":25966,"href":"https:\/\/beyazbutik.com\/ar\/wp-json\/wp\/v2\/product\/25457\/revisions\/25966"}],"wp:featuredmedia":[{"embeddable":true,"href":"https:\/\/beyazbutik.com\/ar\/wp-json\/wp\/v2\/media\/25315"}],"wp:attachment":[{"href":"https:\/\/beyazbutik.com\/ar\/wp-json\/wp\/v2\/media?parent=25457"}],"wp:term":[{"taxonomy":"product_brand","embeddable":true,"href":"https:\/\/beyazbutik.com\/ar\/wp-json\/wp\/v2\/product_brand?post=25457"},{"taxonomy":"product_cat","embeddable":true,"href":"https:\/\/beyazbutik.com\/ar\/wp-json\/wp\/v2\/product_cat?post=25457"},{"taxonomy":"product_tag","embeddable":true,"href":"https:\/\/beyazbutik.com\/ar\/wp-json\/wp\/v2\/product_tag?post=25457"}],"curies":[{"name":"wp","href":"https:\/\/api.w.org\/{rel}","templated":true}]}}