{"id":25458,"date":"2024-02-11T23:41:51","date_gmt":"2024-02-11T20:41:51","guid":{"rendered":"https:\/\/beyazbutik.com\/?post_type=product&#038;p=25458"},"modified":"2025-02-22T20:07:35","modified_gmt":"2025-02-22T17:07:35","slug":"harvey","status":"publish","type":"product","link":"https:\/\/beyazbutik.com\/ar\/product\/harvey\/","title":{"rendered":"Harvey"},"content":{"rendered":"","protected":false},"excerpt":{"rendered":"<p class=\"p1\">G\u00f6z al\u0131c\u0131 ve cesur tasar\u0131m\u0131yla Harvey, modern \u015f\u0131kl\u0131\u011f\u0131n simgesi.<\/p>\n<p>Tek omuzlu korsaj\u0131 ve \u0131\u015f\u0131lt\u0131l\u0131 i\u015flemeleri, sofistike bir hava katarken, asimetrik t\u00fcl detay\u0131 dinamik ve \u00e7arp\u0131c\u0131 bir g\u00f6r\u00fcn\u00fcm sunuyor.<\/p>\n","protected":false},"featured_media":25323,"template":"","meta":[],"product_brand":[],"product_cat":[287,198],"product_tag":[],"class_list":{"0":"post-25458","1":"product","2":"type-product","3":"status-publish","4":"has-post-thumbnail","6":"product_cat-experience-of-romance","7":"product_cat-gelinlik","9":"first","10":"instock","11":"shipping-taxable","12":"product-type-simple"},"_links":{"self":[{"href":"https:\/\/beyazbutik.com\/ar\/wp-json\/wp\/v2\/product\/25458","targetHints":{"allow":["GET"]}}],"collection":[{"href":"https:\/\/beyazbutik.com\/ar\/wp-json\/wp\/v2\/product"}],"about":[{"href":"https:\/\/beyazbutik.com\/ar\/wp-json\/wp\/v2\/types\/product"}],"version-history":[{"count":1,"href":"https:\/\/beyazbutik.com\/ar\/wp-json\/wp\/v2\/product\/25458\/revisions"}],"predecessor-version":[{"id":25967,"href":"https:\/\/beyazbutik.com\/ar\/wp-json\/wp\/v2\/product\/25458\/revisions\/25967"}],"wp:featuredmedia":[{"embeddable":true,"href":"https:\/\/beyazbutik.com\/ar\/wp-json\/wp\/v2\/media\/25323"}],"wp:attachment":[{"href":"https:\/\/beyazbutik.com\/ar\/wp-json\/wp\/v2\/media?parent=25458"}],"wp:term":[{"taxonomy":"product_brand","embeddable":true,"href":"https:\/\/beyazbutik.com\/ar\/wp-json\/wp\/v2\/product_brand?post=25458"},{"taxonomy":"product_cat","embeddable":true,"href":"https:\/\/beyazbutik.com\/ar\/wp-json\/wp\/v2\/product_cat?post=25458"},{"taxonomy":"product_tag","embeddable":true,"href":"https:\/\/beyazbutik.com\/ar\/wp-json\/wp\/v2\/product_tag?post=25458"}],"curies":[{"name":"wp","href":"https:\/\/api.w.org\/{rel}","templated":true}]}}