{"id":25459,"date":"2024-02-11T23:41:51","date_gmt":"2024-02-11T20:41:51","guid":{"rendered":"https:\/\/beyazbutik.com\/?post_type=product&#038;p=25459"},"modified":"2025-02-22T20:07:35","modified_gmt":"2025-02-22T17:07:35","slug":"heaven","status":"publish","type":"product","link":"https:\/\/beyazbutik.com\/ar\/product\/heaven\/","title":{"rendered":"Heaven"},"content":{"rendered":"","protected":false},"excerpt":{"rendered":"<p class=\"p1\">Do\u011fadan ilham alan Heaven, zarif \u00e7i\u00e7ek detaylar\u0131yla romantizmin en saf halini sunuyor.<\/p>\n<p class=\"p1\">D\u00fc\u015f\u00fck omuz tasar\u0131m\u0131 ve i\u015flemeli transparan korsaj\u0131, feminen bir zarafet katarken, \u00fc\u00e7 boyutlu \u00e7i\u00e7ek aplikeleri gelinli\u011fe masals\u0131 bir hava kazand\u0131r\u0131yor.<\/p>\n","protected":false},"featured_media":25325,"template":"","meta":[],"product_brand":[],"product_cat":[287,198],"product_tag":[],"class_list":{"0":"post-25459","1":"product","2":"type-product","3":"status-publish","4":"has-post-thumbnail","6":"product_cat-experience-of-romance","7":"product_cat-gelinlik","9":"first","10":"instock","11":"shipping-taxable","12":"product-type-simple"},"_links":{"self":[{"href":"https:\/\/beyazbutik.com\/ar\/wp-json\/wp\/v2\/product\/25459","targetHints":{"allow":["GET"]}}],"collection":[{"href":"https:\/\/beyazbutik.com\/ar\/wp-json\/wp\/v2\/product"}],"about":[{"href":"https:\/\/beyazbutik.com\/ar\/wp-json\/wp\/v2\/types\/product"}],"version-history":[{"count":1,"href":"https:\/\/beyazbutik.com\/ar\/wp-json\/wp\/v2\/product\/25459\/revisions"}],"predecessor-version":[{"id":25968,"href":"https:\/\/beyazbutik.com\/ar\/wp-json\/wp\/v2\/product\/25459\/revisions\/25968"}],"wp:featuredmedia":[{"embeddable":true,"href":"https:\/\/beyazbutik.com\/ar\/wp-json\/wp\/v2\/media\/25325"}],"wp:attachment":[{"href":"https:\/\/beyazbutik.com\/ar\/wp-json\/wp\/v2\/media?parent=25459"}],"wp:term":[{"taxonomy":"product_brand","embeddable":true,"href":"https:\/\/beyazbutik.com\/ar\/wp-json\/wp\/v2\/product_brand?post=25459"},{"taxonomy":"product_cat","embeddable":true,"href":"https:\/\/beyazbutik.com\/ar\/wp-json\/wp\/v2\/product_cat?post=25459"},{"taxonomy":"product_tag","embeddable":true,"href":"https:\/\/beyazbutik.com\/ar\/wp-json\/wp\/v2\/product_tag?post=25459"}],"curies":[{"name":"wp","href":"https:\/\/api.w.org\/{rel}","templated":true}]}}