{"id":25460,"date":"2024-02-11T23:41:51","date_gmt":"2024-02-11T20:41:51","guid":{"rendered":"https:\/\/beyazbutik.com\/?post_type=product&#038;p=25460"},"modified":"2025-02-22T20:07:35","modified_gmt":"2025-02-22T17:07:35","slug":"helene","status":"publish","type":"product","link":"https:\/\/beyazbutik.com\/ar\/product\/helene\/","title":{"rendered":"Helene"},"content":{"rendered":"","protected":false},"excerpt":{"rendered":"<p>&nbsp;\u0130hti\u015fam\u0131 ve zarafeti bir araya getiren Helene, g\u00fc\u00e7l\u00fc bir duru\u015f sergiliyor.<\/p>\n<p>V yakal\u0131 korsaj\u0131 ve zarif i\u015fleme detaylar\u0131, sofistike bir g\u00f6r\u00fcn\u00fcm sunarken, ak\u0131\u015fkan pelerin tasar\u0131m\u0131 gelinli\u011fe dramatik ve asil bir hava kat\u0131yor.\u2028<\/p>\n","protected":false},"featured_media":25329,"template":"","meta":[],"product_brand":[],"product_cat":[287,198],"product_tag":[],"class_list":{"0":"post-25460","1":"product","2":"type-product","3":"status-publish","4":"has-post-thumbnail","6":"product_cat-experience-of-romance","7":"product_cat-gelinlik","9":"first","10":"instock","11":"shipping-taxable","12":"product-type-simple"},"_links":{"self":[{"href":"https:\/\/beyazbutik.com\/ar\/wp-json\/wp\/v2\/product\/25460","targetHints":{"allow":["GET"]}}],"collection":[{"href":"https:\/\/beyazbutik.com\/ar\/wp-json\/wp\/v2\/product"}],"about":[{"href":"https:\/\/beyazbutik.com\/ar\/wp-json\/wp\/v2\/types\/product"}],"version-history":[{"count":2,"href":"https:\/\/beyazbutik.com\/ar\/wp-json\/wp\/v2\/product\/25460\/revisions"}],"predecessor-version":[{"id":27332,"href":"https:\/\/beyazbutik.com\/ar\/wp-json\/wp\/v2\/product\/25460\/revisions\/27332"}],"wp:featuredmedia":[{"embeddable":true,"href":"https:\/\/beyazbutik.com\/ar\/wp-json\/wp\/v2\/media\/25329"}],"wp:attachment":[{"href":"https:\/\/beyazbutik.com\/ar\/wp-json\/wp\/v2\/media?parent=25460"}],"wp:term":[{"taxonomy":"product_brand","embeddable":true,"href":"https:\/\/beyazbutik.com\/ar\/wp-json\/wp\/v2\/product_brand?post=25460"},{"taxonomy":"product_cat","embeddable":true,"href":"https:\/\/beyazbutik.com\/ar\/wp-json\/wp\/v2\/product_cat?post=25460"},{"taxonomy":"product_tag","embeddable":true,"href":"https:\/\/beyazbutik.com\/ar\/wp-json\/wp\/v2\/product_tag?post=25460"}],"curies":[{"name":"wp","href":"https:\/\/api.w.org\/{rel}","templated":true}]}}