{"id":25461,"date":"2024-02-11T23:41:52","date_gmt":"2024-02-11T20:41:52","guid":{"rendered":"https:\/\/beyazbutik.com\/?post_type=product&#038;p=25461"},"modified":"2025-02-22T20:07:35","modified_gmt":"2025-02-22T17:07:35","slug":"isabella","status":"publish","type":"product","link":"https:\/\/beyazbutik.com\/ar\/product\/isabella\/","title":{"rendered":"Isabella"},"content":{"rendered":"","protected":false},"excerpt":{"rendered":"<p>Zarif ve etkileyici bir tasar\u0131m sunan Isabella, klasik ve modern detaylar\u0131 bir araya getiriyor.&nbsp;<\/p>\n<p>Cesur kalp yakas\u0131, i\u015flemeli korse ve v\u00fccuda oturan siluetiyle feminen bir g\u00f6r\u00fcn\u00fcm sunarken, zarif t\u00fcl pelerini gelinli\u011fe romantik bir dokunu\u015f kat\u0131yor.\u2028<\/p>\n","protected":false},"featured_media":25335,"template":"","meta":[],"product_brand":[],"product_cat":[287,198],"product_tag":[],"class_list":{"0":"post-25461","1":"product","2":"type-product","3":"status-publish","4":"has-post-thumbnail","6":"product_cat-experience-of-romance","7":"product_cat-gelinlik","9":"first","10":"instock","11":"shipping-taxable","12":"product-type-simple"},"_links":{"self":[{"href":"https:\/\/beyazbutik.com\/ar\/wp-json\/wp\/v2\/product\/25461","targetHints":{"allow":["GET"]}}],"collection":[{"href":"https:\/\/beyazbutik.com\/ar\/wp-json\/wp\/v2\/product"}],"about":[{"href":"https:\/\/beyazbutik.com\/ar\/wp-json\/wp\/v2\/types\/product"}],"version-history":[{"count":1,"href":"https:\/\/beyazbutik.com\/ar\/wp-json\/wp\/v2\/product\/25461\/revisions"}],"predecessor-version":[{"id":25970,"href":"https:\/\/beyazbutik.com\/ar\/wp-json\/wp\/v2\/product\/25461\/revisions\/25970"}],"wp:featuredmedia":[{"embeddable":true,"href":"https:\/\/beyazbutik.com\/ar\/wp-json\/wp\/v2\/media\/25335"}],"wp:attachment":[{"href":"https:\/\/beyazbutik.com\/ar\/wp-json\/wp\/v2\/media?parent=25461"}],"wp:term":[{"taxonomy":"product_brand","embeddable":true,"href":"https:\/\/beyazbutik.com\/ar\/wp-json\/wp\/v2\/product_brand?post=25461"},{"taxonomy":"product_cat","embeddable":true,"href":"https:\/\/beyazbutik.com\/ar\/wp-json\/wp\/v2\/product_cat?post=25461"},{"taxonomy":"product_tag","embeddable":true,"href":"https:\/\/beyazbutik.com\/ar\/wp-json\/wp\/v2\/product_tag?post=25461"}],"curies":[{"name":"wp","href":"https:\/\/api.w.org\/{rel}","templated":true}]}}