{"id":25462,"date":"2024-02-11T23:41:52","date_gmt":"2024-02-11T20:41:52","guid":{"rendered":"https:\/\/beyazbutik.com\/?post_type=product&#038;p=25462"},"modified":"2025-02-22T20:07:44","modified_gmt":"2025-02-22T17:07:44","slug":"jolenne","status":"publish","type":"product","link":"https:\/\/beyazbutik.com\/ar\/product\/jolenne\/","title":{"rendered":"Jolenne"},"content":{"rendered":"","protected":false},"excerpt":{"rendered":"<p>Zarafet ve modern dokunu\u015flar\u0131n birle\u015fti\u011fi Jolenne, b\u00fcy\u00fcleyici bir siluet sunuyor.&nbsp;<\/p>\n<p>Derin V yakas\u0131 ve incelikle i\u015flenmi\u015f boncuk detaylar\u0131, romantik ve sofistike bir hava kat\u0131yor. Hafif kuma\u015f\u0131 sayesinde rahat bir kullan\u0131m sunarken, zarif omuz detaylar\u0131 tasar\u0131ma \u00f6zel bir dokunu\u015f ekliyor.\u2028<\/p>\n","protected":false},"featured_media":25339,"template":"","meta":[],"product_brand":[],"product_cat":[287,198],"product_tag":[],"class_list":{"0":"post-25462","1":"product","2":"type-product","3":"status-publish","4":"has-post-thumbnail","6":"product_cat-experience-of-romance","7":"product_cat-gelinlik","9":"first","10":"instock","11":"shipping-taxable","12":"product-type-simple"},"_links":{"self":[{"href":"https:\/\/beyazbutik.com\/ar\/wp-json\/wp\/v2\/product\/25462","targetHints":{"allow":["GET"]}}],"collection":[{"href":"https:\/\/beyazbutik.com\/ar\/wp-json\/wp\/v2\/product"}],"about":[{"href":"https:\/\/beyazbutik.com\/ar\/wp-json\/wp\/v2\/types\/product"}],"version-history":[{"count":1,"href":"https:\/\/beyazbutik.com\/ar\/wp-json\/wp\/v2\/product\/25462\/revisions"}],"predecessor-version":[{"id":25971,"href":"https:\/\/beyazbutik.com\/ar\/wp-json\/wp\/v2\/product\/25462\/revisions\/25971"}],"wp:featuredmedia":[{"embeddable":true,"href":"https:\/\/beyazbutik.com\/ar\/wp-json\/wp\/v2\/media\/25339"}],"wp:attachment":[{"href":"https:\/\/beyazbutik.com\/ar\/wp-json\/wp\/v2\/media?parent=25462"}],"wp:term":[{"taxonomy":"product_brand","embeddable":true,"href":"https:\/\/beyazbutik.com\/ar\/wp-json\/wp\/v2\/product_brand?post=25462"},{"taxonomy":"product_cat","embeddable":true,"href":"https:\/\/beyazbutik.com\/ar\/wp-json\/wp\/v2\/product_cat?post=25462"},{"taxonomy":"product_tag","embeddable":true,"href":"https:\/\/beyazbutik.com\/ar\/wp-json\/wp\/v2\/product_tag?post=25462"}],"curies":[{"name":"wp","href":"https:\/\/api.w.org\/{rel}","templated":true}]}}