{"id":25463,"date":"2024-02-11T23:41:52","date_gmt":"2024-02-11T20:41:52","guid":{"rendered":"https:\/\/beyazbutik.com\/?post_type=product&#038;p=25463"},"modified":"2025-02-22T20:07:44","modified_gmt":"2025-02-22T17:07:44","slug":"julia","status":"publish","type":"product","link":"https:\/\/beyazbutik.com\/ar\/product\/julia\/","title":{"rendered":"Julia"},"content":{"rendered":"","protected":false},"excerpt":{"rendered":"<p>Klasik ve zarif detaylar\u0131n birle\u015fimiyle tasarlanan Julia, romantizmin en saf halini yans\u0131t\u0131yor. <\/p>\n<p>Dantel i\u015flemeli g\u00f6vde ve t\u00fcl etek, hafif ve ak\u0131\u015fkan bir siluet yarat\u0131rken, d\u00fc\u015f\u00fck omuz detay\u0131 tasar\u0131ma sofistike bir hava kat\u0131yor.\u2028<\/p>\n","protected":false},"featured_media":25347,"template":"","meta":[],"product_brand":[],"product_cat":[287,198],"product_tag":[],"class_list":{"0":"post-25463","1":"product","2":"type-product","3":"status-publish","4":"has-post-thumbnail","6":"product_cat-experience-of-romance","7":"product_cat-gelinlik","9":"first","10":"instock","11":"shipping-taxable","12":"product-type-simple"},"_links":{"self":[{"href":"https:\/\/beyazbutik.com\/ar\/wp-json\/wp\/v2\/product\/25463","targetHints":{"allow":["GET"]}}],"collection":[{"href":"https:\/\/beyazbutik.com\/ar\/wp-json\/wp\/v2\/product"}],"about":[{"href":"https:\/\/beyazbutik.com\/ar\/wp-json\/wp\/v2\/types\/product"}],"version-history":[{"count":1,"href":"https:\/\/beyazbutik.com\/ar\/wp-json\/wp\/v2\/product\/25463\/revisions"}],"predecessor-version":[{"id":25972,"href":"https:\/\/beyazbutik.com\/ar\/wp-json\/wp\/v2\/product\/25463\/revisions\/25972"}],"wp:featuredmedia":[{"embeddable":true,"href":"https:\/\/beyazbutik.com\/ar\/wp-json\/wp\/v2\/media\/25347"}],"wp:attachment":[{"href":"https:\/\/beyazbutik.com\/ar\/wp-json\/wp\/v2\/media?parent=25463"}],"wp:term":[{"taxonomy":"product_brand","embeddable":true,"href":"https:\/\/beyazbutik.com\/ar\/wp-json\/wp\/v2\/product_brand?post=25463"},{"taxonomy":"product_cat","embeddable":true,"href":"https:\/\/beyazbutik.com\/ar\/wp-json\/wp\/v2\/product_cat?post=25463"},{"taxonomy":"product_tag","embeddable":true,"href":"https:\/\/beyazbutik.com\/ar\/wp-json\/wp\/v2\/product_tag?post=25463"}],"curies":[{"name":"wp","href":"https:\/\/api.w.org\/{rel}","templated":true}]}}