{"id":25464,"date":"2024-02-11T23:41:53","date_gmt":"2024-02-11T20:41:53","guid":{"rendered":"https:\/\/beyazbutik.com\/?post_type=product&#038;p=25464"},"modified":"2025-02-28T21:41:52","modified_gmt":"2025-02-28T18:41:52","slug":"kleo","status":"publish","type":"product","link":"https:\/\/beyazbutik.com\/ar\/product\/kleo\/","title":{"rendered":"Kleo"},"content":{"rendered":"","protected":false},"excerpt":{"rendered":"<p>G\u00fcc\u00fcn ve ihti\u015fam\u0131n m\u00fckemmel birle\u015fimi olan Kleo, zamans\u0131z bir zarafet sunuyor.<\/p>\n<p>Kristal detaylarla s\u00fcslenmi\u015f transparan korsaj\u0131 ve hacimli ete\u011fi, g\u00f6z kama\u015ft\u0131r\u0131c\u0131 bir etki yarat\u0131rken, modern ve asil bir g\u00f6r\u00fcn\u00fcm sa\u011fl\u0131yor.\u2028<\/p>\n","protected":false},"featured_media":25353,"template":"","meta":[],"product_brand":[],"product_cat":[294,287,198],"product_tag":[],"class_list":{"0":"post-25464","1":"product","2":"type-product","3":"status-publish","4":"has-post-thumbnail","6":"product_cat-bestsellers","7":"product_cat-experience-of-romance","8":"product_cat-gelinlik","10":"first","11":"instock","12":"shipping-taxable","13":"product-type-simple"},"_links":{"self":[{"href":"https:\/\/beyazbutik.com\/ar\/wp-json\/wp\/v2\/product\/25464","targetHints":{"allow":["GET"]}}],"collection":[{"href":"https:\/\/beyazbutik.com\/ar\/wp-json\/wp\/v2\/product"}],"about":[{"href":"https:\/\/beyazbutik.com\/ar\/wp-json\/wp\/v2\/types\/product"}],"version-history":[{"count":1,"href":"https:\/\/beyazbutik.com\/ar\/wp-json\/wp\/v2\/product\/25464\/revisions"}],"predecessor-version":[{"id":25973,"href":"https:\/\/beyazbutik.com\/ar\/wp-json\/wp\/v2\/product\/25464\/revisions\/25973"}],"wp:featuredmedia":[{"embeddable":true,"href":"https:\/\/beyazbutik.com\/ar\/wp-json\/wp\/v2\/media\/25353"}],"wp:attachment":[{"href":"https:\/\/beyazbutik.com\/ar\/wp-json\/wp\/v2\/media?parent=25464"}],"wp:term":[{"taxonomy":"product_brand","embeddable":true,"href":"https:\/\/beyazbutik.com\/ar\/wp-json\/wp\/v2\/product_brand?post=25464"},{"taxonomy":"product_cat","embeddable":true,"href":"https:\/\/beyazbutik.com\/ar\/wp-json\/wp\/v2\/product_cat?post=25464"},{"taxonomy":"product_tag","embeddable":true,"href":"https:\/\/beyazbutik.com\/ar\/wp-json\/wp\/v2\/product_tag?post=25464"}],"curies":[{"name":"wp","href":"https:\/\/api.w.org\/{rel}","templated":true}]}}