{"id":25465,"date":"2024-02-11T23:41:53","date_gmt":"2024-02-11T20:41:53","guid":{"rendered":"https:\/\/beyazbutik.com\/?post_type=product&#038;p=25465"},"modified":"2025-02-22T20:07:45","modified_gmt":"2025-02-22T17:07:45","slug":"larry","status":"publish","type":"product","link":"https:\/\/beyazbutik.com\/ar\/product\/larry\/","title":{"rendered":"Larry"},"content":{"rendered":"","protected":false},"excerpt":{"rendered":"<p>Zarif ve romantik detaylarla bezeli Larry, klasik gelinlik siluetine modern bir dokunu\u015f kat\u0131yor.&nbsp;<\/p>\n<p>Hacimli ete\u011fi ve i\u015flemeli korsaj\u0131, sofistike ve zarif bir g\u00f6r\u00fcn\u00fcm sunarken, d\u00fc\u015f\u00fck omuz detay\u0131 feminen bir dokunu\u015f kat\u0131yor.\u2028<\/p>\n","protected":false},"featured_media":25361,"template":"","meta":[],"product_brand":[],"product_cat":[287,198],"product_tag":[],"class_list":{"0":"post-25465","1":"product","2":"type-product","3":"status-publish","4":"has-post-thumbnail","6":"product_cat-experience-of-romance","7":"product_cat-gelinlik","9":"first","10":"instock","11":"shipping-taxable","12":"product-type-simple"},"_links":{"self":[{"href":"https:\/\/beyazbutik.com\/ar\/wp-json\/wp\/v2\/product\/25465","targetHints":{"allow":["GET"]}}],"collection":[{"href":"https:\/\/beyazbutik.com\/ar\/wp-json\/wp\/v2\/product"}],"about":[{"href":"https:\/\/beyazbutik.com\/ar\/wp-json\/wp\/v2\/types\/product"}],"version-history":[{"count":1,"href":"https:\/\/beyazbutik.com\/ar\/wp-json\/wp\/v2\/product\/25465\/revisions"}],"predecessor-version":[{"id":25974,"href":"https:\/\/beyazbutik.com\/ar\/wp-json\/wp\/v2\/product\/25465\/revisions\/25974"}],"wp:featuredmedia":[{"embeddable":true,"href":"https:\/\/beyazbutik.com\/ar\/wp-json\/wp\/v2\/media\/25361"}],"wp:attachment":[{"href":"https:\/\/beyazbutik.com\/ar\/wp-json\/wp\/v2\/media?parent=25465"}],"wp:term":[{"taxonomy":"product_brand","embeddable":true,"href":"https:\/\/beyazbutik.com\/ar\/wp-json\/wp\/v2\/product_brand?post=25465"},{"taxonomy":"product_cat","embeddable":true,"href":"https:\/\/beyazbutik.com\/ar\/wp-json\/wp\/v2\/product_cat?post=25465"},{"taxonomy":"product_tag","embeddable":true,"href":"https:\/\/beyazbutik.com\/ar\/wp-json\/wp\/v2\/product_tag?post=25465"}],"curies":[{"name":"wp","href":"https:\/\/api.w.org\/{rel}","templated":true}]}}