{"id":25467,"date":"2024-02-11T23:41:54","date_gmt":"2024-02-11T20:41:54","guid":{"rendered":"https:\/\/beyazbutik.com\/?post_type=product&#038;p=25467"},"modified":"2025-02-22T20:07:53","modified_gmt":"2025-02-22T17:07:53","slug":"lilly","status":"publish","type":"product","link":"https:\/\/beyazbutik.com\/ar\/product\/lilly\/","title":{"rendered":"Lilly"},"content":{"rendered":"","protected":false},"excerpt":{"rendered":"<p>Lilly, hayallerdeki romantizmi b\u00fcy\u00fcleyici detaylarla ger\u00e7e\u011fe d\u00f6n\u00fc\u015ft\u00fcr\u00fcyor.<\/p>\n<p>Katmanl\u0131 t\u00fcl ete\u011fi, g\u00f6z al\u0131c\u0131 hacmiyle b\u00fcy\u00fcleyici bir hareket sa\u011flarken, dantel i\u015flemeli korsaj\u0131 feminen bir zarafet kat\u0131yor. Omuz detaylar\u0131ndaki fiyonklar tasar\u0131ma masals\u0131 bir dokunu\u015f ekliyor.\u2028<\/p>\n","protected":false},"featured_media":25369,"template":"","meta":[],"product_brand":[],"product_cat":[287,198],"product_tag":[],"class_list":{"0":"post-25467","1":"product","2":"type-product","3":"status-publish","4":"has-post-thumbnail","6":"product_cat-experience-of-romance","7":"product_cat-gelinlik","9":"first","10":"instock","11":"shipping-taxable","12":"product-type-simple"},"_links":{"self":[{"href":"https:\/\/beyazbutik.com\/ar\/wp-json\/wp\/v2\/product\/25467","targetHints":{"allow":["GET"]}}],"collection":[{"href":"https:\/\/beyazbutik.com\/ar\/wp-json\/wp\/v2\/product"}],"about":[{"href":"https:\/\/beyazbutik.com\/ar\/wp-json\/wp\/v2\/types\/product"}],"version-history":[{"count":1,"href":"https:\/\/beyazbutik.com\/ar\/wp-json\/wp\/v2\/product\/25467\/revisions"}],"predecessor-version":[{"id":25976,"href":"https:\/\/beyazbutik.com\/ar\/wp-json\/wp\/v2\/product\/25467\/revisions\/25976"}],"wp:featuredmedia":[{"embeddable":true,"href":"https:\/\/beyazbutik.com\/ar\/wp-json\/wp\/v2\/media\/25369"}],"wp:attachment":[{"href":"https:\/\/beyazbutik.com\/ar\/wp-json\/wp\/v2\/media?parent=25467"}],"wp:term":[{"taxonomy":"product_brand","embeddable":true,"href":"https:\/\/beyazbutik.com\/ar\/wp-json\/wp\/v2\/product_brand?post=25467"},{"taxonomy":"product_cat","embeddable":true,"href":"https:\/\/beyazbutik.com\/ar\/wp-json\/wp\/v2\/product_cat?post=25467"},{"taxonomy":"product_tag","embeddable":true,"href":"https:\/\/beyazbutik.com\/ar\/wp-json\/wp\/v2\/product_tag?post=25467"}],"curies":[{"name":"wp","href":"https:\/\/api.w.org\/{rel}","templated":true}]}}