{"id":25469,"date":"2024-02-11T23:41:54","date_gmt":"2024-02-11T20:41:54","guid":{"rendered":"https:\/\/beyazbutik.com\/?post_type=product&#038;p=25469"},"modified":"2025-02-22T20:07:53","modified_gmt":"2025-02-22T17:07:53","slug":"maddeline","status":"publish","type":"product","link":"https:\/\/beyazbutik.com\/ar\/product\/maddeline\/","title":{"rendered":"Maddeline"},"content":{"rendered":"","protected":false},"excerpt":{"rendered":"<p>Maddeline, romantizmin ve ne\u015fenin m\u00fckemmel birle\u015fimi!<\/p>\n<p>G\u00f6z al\u0131c\u0131 fiyonk detaylar\u0131 ve modern korsaj\u0131yla Maddeline, e\u011flenceli ve zarif bir gelinlik alternatifi sunuyor. Kabar\u0131k ete\u011fi ve d\u00fc\u015f\u00fck omuz detaylar\u0131yla retro bir \u015f\u0131kl\u0131k yakalayan bu tasar\u0131m, enerjik ruhu yans\u0131t\u0131yor.\u2028<\/p>\n","protected":false},"featured_media":25379,"template":"","meta":[],"product_brand":[],"product_cat":[287,198],"product_tag":[],"class_list":{"0":"post-25469","1":"product","2":"type-product","3":"status-publish","4":"has-post-thumbnail","6":"product_cat-experience-of-romance","7":"product_cat-gelinlik","9":"first","10":"instock","11":"shipping-taxable","12":"product-type-simple"},"_links":{"self":[{"href":"https:\/\/beyazbutik.com\/ar\/wp-json\/wp\/v2\/product\/25469","targetHints":{"allow":["GET"]}}],"collection":[{"href":"https:\/\/beyazbutik.com\/ar\/wp-json\/wp\/v2\/product"}],"about":[{"href":"https:\/\/beyazbutik.com\/ar\/wp-json\/wp\/v2\/types\/product"}],"version-history":[{"count":2,"href":"https:\/\/beyazbutik.com\/ar\/wp-json\/wp\/v2\/product\/25469\/revisions"}],"predecessor-version":[{"id":27343,"href":"https:\/\/beyazbutik.com\/ar\/wp-json\/wp\/v2\/product\/25469\/revisions\/27343"}],"wp:featuredmedia":[{"embeddable":true,"href":"https:\/\/beyazbutik.com\/ar\/wp-json\/wp\/v2\/media\/25379"}],"wp:attachment":[{"href":"https:\/\/beyazbutik.com\/ar\/wp-json\/wp\/v2\/media?parent=25469"}],"wp:term":[{"taxonomy":"product_brand","embeddable":true,"href":"https:\/\/beyazbutik.com\/ar\/wp-json\/wp\/v2\/product_brand?post=25469"},{"taxonomy":"product_cat","embeddable":true,"href":"https:\/\/beyazbutik.com\/ar\/wp-json\/wp\/v2\/product_cat?post=25469"},{"taxonomy":"product_tag","embeddable":true,"href":"https:\/\/beyazbutik.com\/ar\/wp-json\/wp\/v2\/product_tag?post=25469"}],"curies":[{"name":"wp","href":"https:\/\/api.w.org\/{rel}","templated":true}]}}